{"id":27,"date":"2026-03-18T14:58:08","date_gmt":"2026-03-18T13:58:08","guid":{"rendered":"https:\/\/lesensdelaventure.fr\/ma-preprod\/?page_id=27"},"modified":"2026-04-28T18:36:58","modified_gmt":"2026-04-28T16:36:58","slug":"accueil","status":"publish","type":"page","link":"https:\/\/lesensdelaventure.fr\/ma-preprod\/","title":{"rendered":"Accueil"},"content":{"rendered":"<p>[et_pb_section fb_built=\u00a0\u00bb1&Prime; _builder_version=\u00a0\u00bb4.24.3&Prime; _module_preset=\u00a0\u00bbdefault\u00a0\u00bb background_color=\u00a0\u00bbrgba(0,107,91,0.16)\u00a0\u00bb min_height=\u00a0\u00bb392.8px\u00a0\u00bb global_colors_info=\u00a0\u00bb{}\u00a0\u00bb][et_pb_row column_structure=\u00a0\u00bb1_3,2_3&Prime; _builder_version=\u00a0\u00bb4.24.3&Prime; _module_preset=\u00a0\u00bbdefault\u00a0\u00bb width=\u00a0\u00bb100%\u00a0\u00bb global_colors_info=\u00a0\u00bb{}\u00a0\u00bb][et_pb_column type=\u00a0\u00bb1_3&Prime; _builder_version=\u00a0\u00bb4.24.3&Prime; _module_preset=\u00a0\u00bbdefault\u00a0\u00bb global_colors_info=\u00a0\u00bb{}\u00a0\u00bb][et_pb_text _builder_version=\u00a0\u00bb4.24.3&Prime; _module_preset=\u00a0\u00bbdefault\u00a0\u00bb global_colors_info=\u00a0\u00bb{}\u00a0\u00bb][\/et_pb_text][et_pb_text _builder_version=\u00a0\u00bb4.24.3&Prime; _dynamic_attributes=\u00a0\u00bbcontent\u00a0\u00bb _module_preset=\u00a0\u00bbdefault\u00a0\u00bb text_font=\u00a0\u00bbOverlock SC||||||||\u00a0\u00bb text_font_size=\u00a0\u00bb45px\u00a0\u00bb text_line_height=\u00a0\u00bb0.9em\u00a0\u00bb text_orientation=\u00a0\u00bbcenter\u00a0\u00bb custom_padding=\u00a0\u00bb0px||0px||false|false\u00a0\u00bb inline_fonts=\u00a0\u00bbOverlock\u00a0\u00bb global_colors_info=\u00a0\u00bb{}\u00a0\u00bb]@ET-DC@eyJkeW5hbWljIjp0cnVlLCJjb250ZW50Ijoic2l0ZV90aXRsZSIsInNldHRpbmdzIjp7ImJlZm9yZSI6IiIsImFmdGVyIjoiIn19@[\/et_pb_text][et_pb_text _builder_version=\u00a0\u00bb4.24.3&Prime; _module_preset=\u00a0\u00bbdefault\u00a0\u00bb text_font=\u00a0\u00bbOverlock||||||||\u00a0\u00bb text_font_size=\u00a0\u00bb22px\u00a0\u00bb text_orientation=\u00a0\u00bbcenter\u00a0\u00bb inline_fonts=\u00a0\u00bbOverlock\u00a0\u00bb global_colors_info=\u00a0\u00bb{}\u00a0\u00bb]<\/p>\n<h2><strong>Explore la nature et connais toi toi-m\u00eame<\/strong><\/h2>\n<p>[\/et_pb_text][\/et_pb_column][et_pb_column type=\u00a0\u00bb2_3&Prime; _builder_version=\u00a0\u00bb4.24.3&Prime; _module_preset=\u00a0\u00bbdefault\u00a0\u00bb global_colors_info=\u00a0\u00bb{}\u00a0\u00bb][et_pb_image src=\u00a0\u00bbhttps:\/\/lesensdelaventure.fr\/ma-preprod\/wp-content\/uploads\/2026\/03\/Mousse-scaled.webp\u00a0\u00bb alt=\u00a0\u00bbMousse\u00a0\u00bb admin_label=\u00a0\u00bbPhoto mousse\u00a0\u00bb _builder_version=\u00a0\u00bb4.24.3&Prime; _module_preset=\u00a0\u00bbdefault\u00a0\u00bb global_colors_info=\u00a0\u00bb{}\u00a0\u00bb][\/et_pb_image][\/et_pb_column][\/et_pb_row][\/et_pb_section][et_pb_section fb_built=\u00a0\u00bb1&Prime; _builder_version=\u00a0\u00bb4.24.3&Prime; _module_preset=\u00a0\u00bbdefault\u00a0\u00bb global_colors_info=\u00a0\u00bb{}\u00a0\u00bb][et_pb_row _builder_version=\u00a0\u00bb4.24.3&Prime; _module_preset=\u00a0\u00bbdefault\u00a0\u00bb global_colors_info=\u00a0\u00bb{}\u00a0\u00bb][et_pb_column type=\u00a0\u00bb4_4&Prime; _builder_version=\u00a0\u00bb4.24.3&Prime; _module_preset=\u00a0\u00bbdefault\u00a0\u00bb global_colors_info=\u00a0\u00bb{}\u00a0\u00bb][et_pb_text _builder_version=\u00a0\u00bb4.24.3&Prime; _module_preset=\u00a0\u00bbdefault\u00a0\u00bb global_colors_info=\u00a0\u00bb{}\u00a0\u00bb]<\/p>\n<h3 style=\"text-align: center;\"><strong>Les ateliers d&rsquo;initiation<\/strong><\/h3>\n<p>[\/et_pb_text][\/et_pb_column][\/et_pb_row][et_pb_row column_structure=\u00a0\u00bb1_4,1_4,1_4,1_4&Prime; _builder_version=\u00a0\u00bb4.24.3&Prime; _module_preset=\u00a0\u00bbdefault\u00a0\u00bb global_colors_info=\u00a0\u00bb{}\u00a0\u00bb][et_pb_column type=\u00a0\u00bb1_4&Prime; _builder_version=\u00a0\u00bb4.24.3&Prime; _module_preset=\u00a0\u00bbdefault\u00a0\u00bb global_colors_info=\u00a0\u00bb{}\u00a0\u00bb][et_pb_blurb title=\u00a0\u00bbBivouac connaissances ancestrales\u00a0\u00bb use_icon=\u00a0\u00bbon\u00a0\u00bb _builder_version=\u00a0\u00bb4.24.3&Prime; _module_preset=\u00a0\u00bbdefault\u00a0\u00bb custom_padding=\u00a0\u00bb||0px|||\u00a0\u00bb global_colors_info=\u00a0\u00bb{}\u00a0\u00bb]<\/p>\n<p><img  width=\"300\" height=\"300\" alt=\"\" class=\"wp-image-72 alignnone size-medium lws-optimize-lazyload\" \/ data-src=\"https:\/\/lesensdelaventure.fr\/ma-preprod\/wp-content\/uploads\/2026\/03\/Feuer-Schule-unterwegs-300x300.webp\">Week-end en immersion pour red\u00e9couvrir la nature comme un lieu de ressourcement\u00a0 et de merveilles au quotidien, mais \u00e9galement pour faire l\u2019exp\u00e9rience d\u2019une communaut\u00e9 humaine qui valorise la gratitude, le partage et l\u2019\u00e9coute : premiers r\u00e9flexes de survie et techniques artisanales.<\/p>\n<p>[\/et_pb_blurb][\/et_pb_column][et_pb_column type=\u00a0\u00bb1_4&Prime; _builder_version=\u00a0\u00bb4.24.3&Prime; _module_preset=\u00a0\u00bbdefault\u00a0\u00bb global_colors_info=\u00a0\u00bb{}\u00a0\u00bb][et_pb_blurb title=\u00a0\u00bb10 routines cl\u00e9s de connexion \u00e0 la nature\u00a0\u00bb use_icon=\u00a0\u00bbon\u00a0\u00bb _builder_version=\u00a0\u00bb4.24.3&Prime; _module_preset=\u00a0\u00bbdefault\u00a0\u00bb custom_padding=\u00a0\u00bb||0px|||\u00a0\u00bb global_colors_info=\u00a0\u00bb{}\u00a0\u00bb]<\/p>\n<p><img  width=\"300\" height=\"300\" alt=\"\" class=\"wp-image-80 alignnone size-medium lws-optimize-lazyload\" \/ data-src=\"https:\/\/lesensdelaventure.fr\/ma-preprod\/wp-content\/uploads\/2026\/04\/soleil-en-foret-300x300.jpg\">Journ\u00e9e d\u2019exp\u00e9rimentation de 10 routines accessibles \u00e0 tous pour d\u00e9couvrir plus de beaut\u00e9 au quotidien et c\u00f4toyer des animaux sauvages. \u00a0D\u00e9veloppement de la perception en nature avec tous les sens, faire confiance \u00e0 son intuition, travailler sa m\u00e9moire, et son attitude positive.<\/p>\n<p>[\/et_pb_blurb][\/et_pb_column][et_pb_column type=\u00a0\u00bb1_4&Prime; _builder_version=\u00a0\u00bb4.24.3&Prime; _module_preset=\u00a0\u00bbdefault\u00a0\u00bb global_colors_info=\u00a0\u00bb{}\u00a0\u00bb][et_pb_blurb title=\u00a0\u00bbSur la trace et dans la peau des animaux\u00a0\u00bb use_icon=\u00a0\u00bbon\u00a0\u00bb _builder_version=\u00a0\u00bb4.24.3&Prime; _module_preset=\u00a0\u00bbdefault\u00a0\u00bb custom_padding=\u00a0\u00bb||0px|||\u00a0\u00bb global_colors_info=\u00a0\u00bb{}\u00a0\u00bb]<\/p>\n<p><img  width=\"300\" height=\"300\" alt=\"\" class=\"wp-image-89 alignnone size-medium lws-optimize-lazyload\" \/ data-src=\"https:\/\/lesensdelaventure.fr\/ma-preprod\/wp-content\/uploads\/2026\/04\/sanglier-klein-300x300.jpg\">Journ\u00e9e de d\u00e9couverte des traces et indices que laissent derri\u00e8re eux les animaux sauvages. Initiation \u00e0 la lecture de leurs histoires. Jeux d\u2019imitation pour se mettre \u00e0 leur place et voir le monde de leur point de vue ne ce reste que pour un instant.<\/p>\n<p>[\/et_pb_blurb][\/et_pb_column][et_pb_column type=\u00a0\u00bb1_4&Prime; _builder_version=\u00a0\u00bb4.24.3&Prime; _module_preset=\u00a0\u00bbdefault\u00a0\u00bb global_colors_info=\u00a0\u00bb{}\u00a0\u00bb][et_pb_blurb title=\u00a0\u00bbD\u00e9cryptage du langage des oiseaux\u00a0\u00bb use_icon=\u00a0\u00bbon\u00a0\u00bb _builder_version=\u00a0\u00bb4.24.3&Prime; _module_preset=\u00a0\u00bbdefault\u00a0\u00bb custom_padding=\u00a0\u00bb||0px|||\u00a0\u00bb global_colors_info=\u00a0\u00bb{}\u00a0\u00bb]<\/p>\n<p><img  width=\"300\" height=\"300\" alt=\"\" class=\"wp-image-100 alignnone size-medium lws-optimize-lazyload\" \/ data-src=\"https:\/\/lesensdelaventure.fr\/ma-preprod\/wp-content\/uploads\/2026\/04\/gruendercoach-robin-klein-300x300.jpg\">Une journ\u00e9e pour d\u00e9couvrir les bases de la communication universelle des oiseaux chanteurs et comment nous pouvons utiliser cette compr\u00e9hension pour observer plus d\u2019animaux sauvages. Les oiseaux sont les informateurs de la for\u00eat, apprenons \u00e0 voir avec leurs yeux.<\/p>\n<p>[\/et_pb_blurb][\/et_pb_column][\/et_pb_row][et_pb_row column_structure=\u00a0\u00bb1_4,1_4,1_4,1_4&Prime; _builder_version=\u00a0\u00bb4.24.3&Prime; _module_preset=\u00a0\u00bbdefault\u00a0\u00bb global_colors_info=\u00a0\u00bb{}\u00a0\u00bb][et_pb_column type=\u00a0\u00bb1_4&Prime; _builder_version=\u00a0\u00bb4.24.3&Prime; _module_preset=\u00a0\u00bbdefault\u00a0\u00bb global_colors_info=\u00a0\u00bb{}\u00a0\u00bb][et_pb_blurb title=\u00a0\u00bbCr\u00e9er des liens avec la vannerie sauvage\u00a0\u00bb use_icon=\u00a0\u00bbon\u00a0\u00bb _builder_version=\u00a0\u00bb4.24.3&Prime; _module_preset=\u00a0\u00bbdefault\u00a0\u00bb custom_padding=\u00a0\u00bb||0px|||\u00a0\u00bb global_colors_info=\u00a0\u00bb{}\u00a0\u00bb]<\/p>\n<p><img  width=\"300\" height=\"300\" alt=\"\" class=\"wp-image-94 alignnone size-medium lws-optimize-lazyload\" \/ data-src=\"https:\/\/lesensdelaventure.fr\/ma-preprod\/wp-content\/uploads\/2026\/04\/Vannerie-klein-300x300.jpg\">C\u2019est une formidable connaissance ancestrale tr\u00e8s accessible qui travaille la patience et procure un sentiment de d\u00e9tente et d\u2019autonomie. Avec quelques connaissances de base, les possibilit\u00e9s d\u2019utilisation sont limit\u00e9es seulement par sa propre imagination.<\/p>\n<p>[\/et_pb_blurb][\/et_pb_column][et_pb_column type=\u00a0\u00bb1_4&Prime; _builder_version=\u00a0\u00bb4.24.3&Prime; _module_preset=\u00a0\u00bbdefault\u00a0\u00bb global_colors_info=\u00a0\u00bb{}\u00a0\u00bb][et_pb_blurb title=\u00a0\u00bbSecrets de plantes comestibles et m\u00e9dicinales\u00a0\u00bb use_icon=\u00a0\u00bbon\u00a0\u00bb _builder_version=\u00a0\u00bb4.24.3&Prime; _module_preset=\u00a0\u00bbdefault\u00a0\u00bb custom_padding=\u00a0\u00bb||0px|||\u00a0\u00bb global_colors_info=\u00a0\u00bb{}\u00a0\u00bb]<\/p>\n<p><img  width=\"300\" height=\"300\" alt=\"\" class=\"wp-image-84 alignnone size-medium lws-optimize-lazyload\" \/ data-src=\"https:\/\/lesensdelaventure.fr\/ma-preprod\/wp-content\/uploads\/2026\/04\/Oelauszug-klein-300x300.jpg\">Journ\u00e9e de partage d\u2019une m\u00e9thode pour apprivoiser les plantes au fur et \u00e0 mesure avec initiation aux r\u00e8gles de s\u00e9curit\u00e9. Approfondissement sur une ou deux \u00a0plantes \u00e0 la fois pour acqu\u00e9rir des comp\u00e9tences qui restent : pr\u00e9paration ensemble de mets et de rem\u00e8des.<\/p>\n<p>[\/et_pb_blurb][\/et_pb_column][et_pb_column type=\u00a0\u00bb1_4&Prime; _builder_version=\u00a0\u00bb4.24.3&Prime; _module_preset=\u00a0\u00bbdefault\u00a0\u00bb global_colors_info=\u00a0\u00bb{}\u00a0\u00bb][et_pb_blurb title=\u00a0\u00bbSculpter du bois en toute s\u00e9curit\u00e9\u00a0\u00bb use_icon=\u00a0\u00bbon\u00a0\u00bb _builder_version=\u00a0\u00bb4.24.3&Prime; _module_preset=\u00a0\u00bbdefault\u00a0\u00bb custom_padding=\u00a0\u00bb||0px|||\u00a0\u00bb global_colors_info=\u00a0\u00bb{}\u00a0\u00bb]<\/p>\n<p><img  width=\"300\" height=\"300\" alt=\"\" class=\"wp-image-101 alignnone size-medium lws-optimize-lazyload\" \/ data-src=\"https:\/\/lesensdelaventure.fr\/ma-preprod\/wp-content\/uploads\/2026\/04\/Schnitzen-klein-300x300.jpg\">Une journ\u00e9e pour apprendre des techniques pour travailler le bois en respectant des r\u00e8gles de s\u00e9curit\u00e9. Rien que pour se vider la t\u00eate, une pause cr\u00e9ative, un moment partag\u00e9 avec les enfants, remplacer la fourchette oubli\u00e9e pour le pique-nique : la sculpture du bois a plein de potentiel.<\/p>\n<p>[\/et_pb_blurb][\/et_pb_column][et_pb_column type=\u00a0\u00bb1_4&Prime; _builder_version=\u00a0\u00bb4.24.3&Prime; _module_preset=\u00a0\u00bbdefault\u00a0\u00bb global_colors_info=\u00a0\u00bb{}\u00a0\u00bb][\/et_pb_column][\/et_pb_row][et_pb_row _builder_version=\u00a0\u00bb4.24.3&Prime; _module_preset=\u00a0\u00bbdefault\u00a0\u00bb global_colors_info=\u00a0\u00bb{}\u00a0\u00bb][et_pb_column type=\u00a0\u00bb4_4&Prime; _builder_version=\u00a0\u00bb4.24.3&Prime; _module_preset=\u00a0\u00bbdefault\u00a0\u00bb global_colors_info=\u00a0\u00bb{}\u00a0\u00bb][et_pb_button button_text=\u00a0\u00bbVoir les dates de stages \u00e0 venir\u00a0\u00bb button_alignment=\u00a0\u00bbcenter\u00a0\u00bb _builder_version=\u00a0\u00bb4.24.3&Prime; _module_preset=\u00a0\u00bbdefault\u00a0\u00bb hover_enabled=\u00a0\u00bb0&Prime; global_colors_info=\u00a0\u00bb{}\u00a0\u00bb button_url=\u00a0\u00bb@ET-DC@eyJkeW5hbWljIjp0cnVlLCJjb250ZW50IjoicG9zdF9saW5rX3VybF9wYWdlIiwic2V0dGluZ3MiOnsicG9zdF9pZCI6IjI5In19@\u00a0\u00bb _dynamic_attributes=\u00a0\u00bbbutton_url\u00a0\u00bb sticky_enabled=\u00a0\u00bb0&Prime;][\/et_pb_button][\/et_pb_column][\/et_pb_row][\/et_pb_section][et_pb_section fb_built=\u00a0\u00bb1&Prime; _builder_version=\u00a0\u00bb4.24.3&Prime; _module_preset=\u00a0\u00bbdefault\u00a0\u00bb background_color=\u00a0\u00bbrgba(0,107,91,0.16)\u00a0\u00bb hover_enabled=\u00a0\u00bb0&Prime; global_colors_info=\u00a0\u00bb{}\u00a0\u00bb sticky_enabled=\u00a0\u00bb0&Prime;][et_pb_row column_structure=\u00a0\u00bb1_3,2_3&Prime; _builder_version=\u00a0\u00bb4.24.3&Prime; _module_preset=\u00a0\u00bbdefault\u00a0\u00bb global_colors_info=\u00a0\u00bb{}\u00a0\u00bb][et_pb_column type=\u00a0\u00bb1_3&Prime; _builder_version=\u00a0\u00bb4.24.3&Prime; _module_preset=\u00a0\u00bbdefault\u00a0\u00bb global_colors_info=\u00a0\u00bb{}\u00a0\u00bb][et_pb_image src=\u00a0\u00bbhttps:\/\/lesensdelaventure.fr\/ma-preprod\/wp-content\/uploads\/2026\/03\/portrait.webp\u00a0\u00bb title_text=\u00a0\u00bbportrait\u00a0\u00bb _builder_version=\u00a0\u00bb4.24.3&Prime; _module_preset=\u00a0\u00bbdefault\u00a0\u00bb global_colors_info=\u00a0\u00bb{}\u00a0\u00bb][\/et_pb_image][\/et_pb_column][et_pb_column type=\u00a0\u00bb2_3&Prime; _builder_version=\u00a0\u00bb4.24.3&Prime; _module_preset=\u00a0\u00bbdefault\u00a0\u00bb global_colors_info=\u00a0\u00bb{}\u00a0\u00bb][et_pb_text _builder_version=\u00a0\u00bb4.24.3&Prime; _module_preset=\u00a0\u00bbdefault\u00a0\u00bb global_colors_info=\u00a0\u00bb{}\u00a0\u00bb]<\/p>\n<p><span>Ancienne chercheuse, je vous accompagne dans la red\u00e9couverte de notre place dans la nature \u00e0 travers l\u2019enseignement de connaissances ancestrales : se fondre dans la nature pour c\u00f4toyer les animaux sauvages, lire leurs histoires dans les traces qu\u2019ils laissent derri\u00e8re<\/span><span> eux, identification et transformation des plantes comestibles et m\u00e9dicinales, artisanat avec des mati\u00e8res naturelles.\u00a0<\/span><span>Nous allons retrouver des connaissances fondamentales que les humains avaient autrefois et qui sont \u00e9tonnamment efficace pour donner de la bonne humeur et de l&rsquo;\u00e9nergie positive.<\/span><\/p>\n<p>[\/et_pb_text][et_pb_button button_url=\u00a0\u00bb@ET-DC@eyJkeW5hbWljIjp0cnVlLCJjb250ZW50IjoicG9zdF9saW5rX3VybF9wYWdlIiwic2V0dGluZ3MiOnsicG9zdF9pZCI6IjMxIn19@\u00a0\u00bb button_text=\u00a0\u00bbEn savoir plus sur mon parcours&#8230;\u00a0\u00bb button_alignment=\u00a0\u00bbcenter\u00a0\u00bb admin_label=\u00a0\u00bbPage A propos\u00a0\u00bb _builder_version=\u00a0\u00bb4.24.3&Prime; _dynamic_attributes=\u00a0\u00bbbutton_url\u00a0\u00bb _module_preset=\u00a0\u00bbdefault\u00a0\u00bb global_colors_info=\u00a0\u00bb{}\u00a0\u00bb][\/et_pb_button][\/et_pb_column][\/et_pb_row][\/et_pb_section]<\/p>\n","protected":false},"excerpt":{"rendered":"<p>Explore la nature et connais toi toi-m\u00eameLes ateliers d&rsquo;initiationWeek-end en immersion pour red\u00e9couvrir la nature comme un lieu de ressourcement\u00a0 et de merveilles au quotidien, mais \u00e9galement pour faire l\u2019exp\u00e9rience d\u2019une communaut\u00e9 humaine qui valorise la gratitude, le partage et l\u2019\u00e9coute : premiers r\u00e9flexes de survie et techniques artisanales.Journ\u00e9e d\u2019exp\u00e9rimentation de 10 routines accessibles \u00e0 [&hellip;]<\/p>\n","protected":false},"author":1,"featured_media":0,"parent":0,"menu_order":0,"comment_status":"closed","ping_status":"closed","template":"","meta":{"_et_pb_use_builder":"on","_et_pb_old_content":"<!-- wp:divi\/placeholder \/-->","_et_gb_content_width":"","footnotes":""},"class_list":["post-27","page","type-page","status-publish","hentry"],"yoast_head":"<!-- This site is optimized with the Yoast SEO plugin v27.6 - https:\/\/yoast.com\/product\/yoast-seo-wordpress\/ -->\n<title>Accueil - Le sens de l&#039;aventure<\/title>\n<meta name=\"description\" content=\"Page d&#039;accueil pr\u00e9sentant les ateliers d&#039;initiation aux connaissances ancestrales propos\u00e9s par Le sens de l&#039;aventure.\" \/>\n<meta name=\"robots\" content=\"index, follow, max-snippet:-1, max-image-preview:large, max-video-preview:-1\" \/>\n<link rel=\"canonical\" href=\"https:\/\/lesensdelaventure.fr\/ma-preprod\/\" \/>\n<meta property=\"og:locale\" content=\"fr_FR\" \/>\n<meta property=\"og:type\" content=\"article\" \/>\n<meta property=\"og:title\" content=\"Accueil - Le sens de l&#039;aventure\" \/>\n<meta property=\"og:description\" content=\"Page d&#039;accueil pr\u00e9sentant les ateliers d&#039;initiation aux connaissances ancestrales propos\u00e9s par Le sens de l&#039;aventure.\" \/>\n<meta property=\"og:url\" content=\"https:\/\/lesensdelaventure.fr\/ma-preprod\/\" \/>\n<meta property=\"og:site_name\" content=\"Le sens de l&#039;aventure\" \/>\n<meta property=\"article:modified_time\" content=\"2026-04-28T16:36:58+00:00\" \/>\n<meta property=\"og:image\" content=\"https:\/\/lesensdelaventure.fr\/ma-preprod\/wp-content\/uploads\/2026\/03\/Feuer-Schule-unterwegs-300x300.webp\" \/>\n<meta name=\"twitter:card\" content=\"summary_large_image\" \/>\n<meta name=\"twitter:label1\" content=\"Dur\u00e9e de lecture estim\u00e9e\" \/>\n\t<meta name=\"twitter:data1\" content=\"5 minutes\" \/>\n<script type=\"application\/ld+json\" class=\"yoast-schema-graph\">{\"@context\":\"https:\\\/\\\/schema.org\",\"@graph\":[{\"@type\":\"WebPage\",\"@id\":\"https:\\\/\\\/lesensdelaventure.fr\\\/ma-preprod\\\/\",\"url\":\"https:\\\/\\\/lesensdelaventure.fr\\\/ma-preprod\\\/\",\"name\":\"Accueil - Le sens de l&#039;aventure\",\"isPartOf\":{\"@id\":\"https:\\\/\\\/lesensdelaventure.fr\\\/#website\"},\"primaryImageOfPage\":{\"@id\":\"https:\\\/\\\/lesensdelaventure.fr\\\/ma-preprod\\\/#primaryimage\"},\"image\":{\"@id\":\"https:\\\/\\\/lesensdelaventure.fr\\\/ma-preprod\\\/#primaryimage\"},\"thumbnailUrl\":\"https:\\\/\\\/lesensdelaventure.fr\\\/ma-preprod\\\/wp-content\\\/uploads\\\/2026\\\/03\\\/Feuer-Schule-unterwegs-300x300.webp\",\"datePublished\":\"2026-03-18T13:58:08+00:00\",\"dateModified\":\"2026-04-28T16:36:58+00:00\",\"description\":\"Page d'accueil pr\u00e9sentant les ateliers d'initiation aux connaissances ancestrales propos\u00e9s par Le sens de l'aventure.\",\"breadcrumb\":{\"@id\":\"https:\\\/\\\/lesensdelaventure.fr\\\/ma-preprod\\\/#breadcrumb\"},\"inLanguage\":\"fr-FR\",\"potentialAction\":[{\"@type\":\"ReadAction\",\"target\":[\"https:\\\/\\\/lesensdelaventure.fr\\\/ma-preprod\\\/\"]}]},{\"@type\":\"ImageObject\",\"inLanguage\":\"fr-FR\",\"@id\":\"https:\\\/\\\/lesensdelaventure.fr\\\/ma-preprod\\\/#primaryimage\",\"url\":\"https:\\\/\\\/lesensdelaventure.fr\\\/ma-preprod\\\/wp-content\\\/uploads\\\/2026\\\/03\\\/Feuer-Schule-unterwegs.webp\",\"contentUrl\":\"https:\\\/\\\/lesensdelaventure.fr\\\/ma-preprod\\\/wp-content\\\/uploads\\\/2026\\\/03\\\/Feuer-Schule-unterwegs.webp\",\"width\":899,\"height\":900},{\"@type\":\"BreadcrumbList\",\"@id\":\"https:\\\/\\\/lesensdelaventure.fr\\\/ma-preprod\\\/#breadcrumb\",\"itemListElement\":[{\"@type\":\"ListItem\",\"position\":1,\"name\":\"Home\",\"item\":\"https:\\\/\\\/lesensdelaventure.fr\\\/ma-preprod\\\/\"},{\"@type\":\"ListItem\",\"position\":2,\"name\":\"Accueil\"}]},{\"@type\":\"WebSite\",\"@id\":\"https:\\\/\\\/lesensdelaventure.fr\\\/#website\",\"url\":\"https:\\\/\\\/lesensdelaventure.fr\\\/\",\"name\":\"Le sens de l&#039;aventure\",\"description\":\"Explore la nature et connais toi toi-m\u00eame\",\"potentialAction\":[{\"@type\":\"SearchAction\",\"target\":{\"@type\":\"EntryPoint\",\"urlTemplate\":\"https:\\\/\\\/lesensdelaventure.fr\\\/?s={search_term_string}\"},\"query-input\":{\"@type\":\"PropertyValueSpecification\",\"valueRequired\":true,\"valueName\":\"search_term_string\"}}],\"inLanguage\":\"fr-FR\"}]}<\/script>\n<!-- \/ Yoast SEO plugin. -->","yoast_head_json":{"title":"Accueil - Le sens de l&#039;aventure","description":"Page d'accueil pr\u00e9sentant les ateliers d'initiation aux connaissances ancestrales propos\u00e9s par Le sens de l'aventure.","robots":{"index":"index","follow":"follow","max-snippet":"max-snippet:-1","max-image-preview":"max-image-preview:large","max-video-preview":"max-video-preview:-1"},"canonical":"https:\/\/lesensdelaventure.fr\/ma-preprod\/","og_locale":"fr_FR","og_type":"article","og_title":"Accueil - Le sens de l&#039;aventure","og_description":"Page d'accueil pr\u00e9sentant les ateliers d'initiation aux connaissances ancestrales propos\u00e9s par Le sens de l'aventure.","og_url":"https:\/\/lesensdelaventure.fr\/ma-preprod\/","og_site_name":"Le sens de l&#039;aventure","article_modified_time":"2026-04-28T16:36:58+00:00","og_image":[{"url":"https:\/\/lesensdelaventure.fr\/ma-preprod\/wp-content\/uploads\/2026\/03\/Feuer-Schule-unterwegs-300x300.webp","type":"","width":"","height":""}],"twitter_card":"summary_large_image","twitter_misc":{"Dur\u00e9e de lecture estim\u00e9e":"5 minutes"},"schema":{"@context":"https:\/\/schema.org","@graph":[{"@type":"WebPage","@id":"https:\/\/lesensdelaventure.fr\/ma-preprod\/","url":"https:\/\/lesensdelaventure.fr\/ma-preprod\/","name":"Accueil - Le sens de l&#039;aventure","isPartOf":{"@id":"https:\/\/lesensdelaventure.fr\/#website"},"primaryImageOfPage":{"@id":"https:\/\/lesensdelaventure.fr\/ma-preprod\/#primaryimage"},"image":{"@id":"https:\/\/lesensdelaventure.fr\/ma-preprod\/#primaryimage"},"thumbnailUrl":"https:\/\/lesensdelaventure.fr\/ma-preprod\/wp-content\/uploads\/2026\/03\/Feuer-Schule-unterwegs-300x300.webp","datePublished":"2026-03-18T13:58:08+00:00","dateModified":"2026-04-28T16:36:58+00:00","description":"Page d'accueil pr\u00e9sentant les ateliers d'initiation aux connaissances ancestrales propos\u00e9s par Le sens de l'aventure.","breadcrumb":{"@id":"https:\/\/lesensdelaventure.fr\/ma-preprod\/#breadcrumb"},"inLanguage":"fr-FR","potentialAction":[{"@type":"ReadAction","target":["https:\/\/lesensdelaventure.fr\/ma-preprod\/"]}]},{"@type":"ImageObject","inLanguage":"fr-FR","@id":"https:\/\/lesensdelaventure.fr\/ma-preprod\/#primaryimage","url":"https:\/\/lesensdelaventure.fr\/ma-preprod\/wp-content\/uploads\/2026\/03\/Feuer-Schule-unterwegs.webp","contentUrl":"https:\/\/lesensdelaventure.fr\/ma-preprod\/wp-content\/uploads\/2026\/03\/Feuer-Schule-unterwegs.webp","width":899,"height":900},{"@type":"BreadcrumbList","@id":"https:\/\/lesensdelaventure.fr\/ma-preprod\/#breadcrumb","itemListElement":[{"@type":"ListItem","position":1,"name":"Home","item":"https:\/\/lesensdelaventure.fr\/ma-preprod\/"},{"@type":"ListItem","position":2,"name":"Accueil"}]},{"@type":"WebSite","@id":"https:\/\/lesensdelaventure.fr\/#website","url":"https:\/\/lesensdelaventure.fr\/","name":"Le sens de l&#039;aventure","description":"Explore la nature et connais toi toi-m\u00eame","potentialAction":[{"@type":"SearchAction","target":{"@type":"EntryPoint","urlTemplate":"https:\/\/lesensdelaventure.fr\/?s={search_term_string}"},"query-input":{"@type":"PropertyValueSpecification","valueRequired":true,"valueName":"search_term_string"}}],"inLanguage":"fr-FR"}]}},"_links":{"self":[{"href":"https:\/\/lesensdelaventure.fr\/ma-preprod\/wp-json\/wp\/v2\/pages\/27","targetHints":{"allow":["GET"]}}],"collection":[{"href":"https:\/\/lesensdelaventure.fr\/ma-preprod\/wp-json\/wp\/v2\/pages"}],"about":[{"href":"https:\/\/lesensdelaventure.fr\/ma-preprod\/wp-json\/wp\/v2\/types\/page"}],"author":[{"embeddable":true,"href":"https:\/\/lesensdelaventure.fr\/ma-preprod\/wp-json\/wp\/v2\/users\/1"}],"replies":[{"embeddable":true,"href":"https:\/\/lesensdelaventure.fr\/ma-preprod\/wp-json\/wp\/v2\/comments?post=27"}],"version-history":[{"count":29,"href":"https:\/\/lesensdelaventure.fr\/ma-preprod\/wp-json\/wp\/v2\/pages\/27\/revisions"}],"predecessor-version":[{"id":132,"href":"https:\/\/lesensdelaventure.fr\/ma-preprod\/wp-json\/wp\/v2\/pages\/27\/revisions\/132"}],"wp:attachment":[{"href":"https:\/\/lesensdelaventure.fr\/ma-preprod\/wp-json\/wp\/v2\/media?parent=27"}],"curies":[{"name":"wp","href":"https:\/\/api.w.org\/{rel}","templated":true}]}}