{"id":29,"date":"2026-03-18T14:59:24","date_gmt":"2026-03-18T13:59:24","guid":{"rendered":"https:\/\/lesensdelaventure.fr\/ma-preprod\/?page_id=29"},"modified":"2026-05-09T23:48:03","modified_gmt":"2026-05-09T21:48:03","slug":"stages","status":"publish","type":"page","link":"https:\/\/lesensdelaventure.fr\/ma-preprod\/stages\/","title":{"rendered":"Agenda"},"content":{"rendered":"<p>[et_pb_section fb_built=\u00a0\u00bb1&Prime; _builder_version=\u00a0\u00bb4.24.3&Prime; _module_preset=\u00a0\u00bbdefault\u00a0\u00bb global_colors_info=\u00a0\u00bb{}\u00a0\u00bb][et_pb_row _builder_version=\u00a0\u00bb4.24.3&Prime; _module_preset=\u00a0\u00bbdefault\u00a0\u00bb global_colors_info=\u00a0\u00bb{}\u00a0\u00bb][et_pb_column type=\u00a0\u00bb4_4&Prime; _builder_version=\u00a0\u00bb4.24.3&Prime; _module_preset=\u00a0\u00bbdefault\u00a0\u00bb global_colors_info=\u00a0\u00bb{}\u00a0\u00bb][et_pb_image src=\u00a0\u00bbhttps:\/\/lesensdelaventure.fr\/ma-preprod\/wp-content\/uploads\/2026\/05\/Stages-a-venir.webp\u00a0\u00bb title_text=\u00a0\u00bbStages \u00e0 venir\u00a0\u00bb _builder_version=\u00a0\u00bb4.24.3&Prime; _module_preset=\u00a0\u00bbdefault\u00a0\u00bb global_colors_info=\u00a0\u00bb{}\u00a0\u00bb][\/et_pb_image][\/et_pb_column][\/et_pb_row][et_pb_row column_structure=\u00a0\u00bb1_4,3_4&Prime; _builder_version=\u00a0\u00bb4.24.3&Prime; _module_preset=\u00a0\u00bbdefault\u00a0\u00bb global_colors_info=\u00a0\u00bb{}\u00a0\u00bb][et_pb_column type=\u00a0\u00bb1_4&Prime; _builder_version=\u00a0\u00bb4.24.3&Prime; _module_preset=\u00a0\u00bbdefault\u00a0\u00bb global_colors_info=\u00a0\u00bb{}\u00a0\u00bb][et_pb_image src=\u00a0\u00bbhttps:\/\/lesensdelaventure.fr\/ma-preprod\/wp-content\/uploads\/2026\/04\/soleil-en-foret.jpg\u00a0\u00bb title_text=\u00a0\u00bbsoleil en foret\u00a0\u00bb _builder_version=\u00a0\u00bb4.24.3&Prime; _module_preset=\u00a0\u00bbdefault\u00a0\u00bb global_colors_info=\u00a0\u00bb{}\u00a0\u00bb][\/et_pb_image][et_pb_button button_url=\u00a0\u00bb@ET-DC@eyJkeW5hbWljIjp0cnVlLCJjb250ZW50IjoicG9zdF9saW5rX3VybF9wcm9kdWN0Iiwic2V0dGluZ3MiOnsicG9zdF9pZCI6IjE3NiJ9fQ==@\u00a0\u00bb button_text=\u00a0\u00bbR\u00e9server mes places\u00a0\u00bb button_alignment=\u00a0\u00bbcenter\u00a0\u00bb _builder_version=\u00a0\u00bb4.24.3&Prime; _dynamic_attributes=\u00a0\u00bbbutton_url\u00a0\u00bb _module_preset=\u00a0\u00bbdefault\u00a0\u00bb global_colors_info=\u00a0\u00bb{}\u00a0\u00bb][\/et_pb_button][\/et_pb_column][et_pb_column type=\u00a0\u00bb3_4&Prime; _builder_version=\u00a0\u00bb4.24.3&Prime; _module_preset=\u00a0\u00bbdefault\u00a0\u00bb global_colors_info=\u00a0\u00bb{}\u00a0\u00bb][et_pb_text _builder_version=\u00a0\u00bb4.24.3&Prime; _module_preset=\u00a0\u00bbdefault\u00a0\u00bb custom_padding=\u00a0\u00bb|||0px||\u00a0\u00bb global_colors_info=\u00a0\u00bb{}\u00a0\u00bb]<\/p>\n<h4><strong>\u00a010 routines cl\u00e9s de connexion \u00e0 la nature et \u00e0 soi<\/strong><\/h4>\n<p><strong><em>Le dimanche 7 Juin de 10h \u00e0 17h \u00e0 \u00ab\u00a0La Belle Verte\u00a0\u00bb, Le Ch\u00e2telet-en-Brie<\/em><\/strong><\/p>\n<p>Journ\u00e9e d\u2019exp\u00e9rimentation de 10 routines accessibles \u00e0 tous pour d\u00e9couvrir plus de beaut\u00e9 au quotidien et c\u00f4toyer des animaux sauvages.\u00a0 D\u00e9veloppement de la perception en nature avec tous les sens, faire confiance \u00e0 son intuition, travailler sa m\u00e9moire, et son attitude positive. Les routines abord\u00e9es sont la marche du renard, les yeux de l\u2019hibou, les oreilles du chevreuil, l\u2019errance, ma place assise en nature, mon journal nature, la gratitude, le cercle de parole, la m\u00e9ditation des sens, des jeux \u00e0 l\u2019aveugle. Une journ\u00e9e 100% dehors. Un repas v\u00e9g\u00e9tarien \u00e0 partager sera cuisin\u00e9 sur le feu pour le midi.<\/p>\n<p>Apporter un cahier\/des feuilles, un stylo, une assiette creuse ou un bol, des couverts et un gobelet. Porter des v\u00eatements adapt\u00e9s \u00e0 la m\u00e9t\u00e9o du jour. Atelier maintenu en cas de pluie.<\/p>\n<p><em>Tarifs : 65\u20ac par adulte ; 25\u20ac par enfant accompagn\u00e9 (conseill\u00e9 \u00e0 partir de 10 ans)\u00a0\u00a0<\/em><\/p>\n<p>[\/et_pb_text][\/et_pb_column][\/et_pb_row][et_pb_row column_structure=\u00a0\u00bb1_4,3_4&Prime; _builder_version=\u00a0\u00bb4.24.3&Prime; _module_preset=\u00a0\u00bbdefault\u00a0\u00bb global_colors_info=\u00a0\u00bb{}\u00a0\u00bb][et_pb_column type=\u00a0\u00bb1_4&Prime; _builder_version=\u00a0\u00bb4.24.3&Prime; _module_preset=\u00a0\u00bbdefault\u00a0\u00bb global_colors_info=\u00a0\u00bb{}\u00a0\u00bb][et_pb_image src=\u00a0\u00bbhttps:\/\/lesensdelaventure.fr\/ma-preprod\/wp-content\/uploads\/2026\/04\/gruendercoach-robin-klein.jpg\u00a0\u00bb title_text=\u00a0\u00bbgruendercoach-robin-klein\u00a0\u00bb _builder_version=\u00a0\u00bb4.24.3&Prime; _module_preset=\u00a0\u00bbdefault\u00a0\u00bb global_colors_info=\u00a0\u00bb{}\u00a0\u00bb][\/et_pb_image][et_pb_button button_url=\u00a0\u00bb@ET-DC@eyJkeW5hbWljIjp0cnVlLCJjb250ZW50IjoicG9zdF9saW5rX3VybF9wcm9kdWN0Iiwic2V0dGluZ3MiOnsicG9zdF9pZCI6IjE4MCJ9fQ==@\u00a0\u00bb button_text=\u00a0\u00bbR\u00e9server mes places\u00a0\u00bb button_alignment=\u00a0\u00bbcenter\u00a0\u00bb _builder_version=\u00a0\u00bb4.24.3&Prime; _dynamic_attributes=\u00a0\u00bbbutton_url\u00a0\u00bb _module_preset=\u00a0\u00bbdefault\u00a0\u00bb global_colors_info=\u00a0\u00bb{}\u00a0\u00bb][\/et_pb_button][\/et_pb_column][et_pb_column type=\u00a0\u00bb3_4&Prime; _builder_version=\u00a0\u00bb4.24.3&Prime; _module_preset=\u00a0\u00bbdefault\u00a0\u00bb global_colors_info=\u00a0\u00bb{}\u00a0\u00bb][et_pb_text _builder_version=\u00a0\u00bb4.24.3&Prime; _module_preset=\u00a0\u00bbdefault\u00a0\u00bb custom_padding=\u00a0\u00bb|||0px||\u00a0\u00bb global_colors_info=\u00a0\u00bb{}\u00a0\u00bb]<\/p>\n<h4><strong>D\u00e9cryptage du langage des oiseaux<\/strong><\/h4>\n<p><em><strong>Le dimanche 14 Juin de 10h \u00e0 17h \u00e0 \u00ab\u00a0La Belle Verte\u00a0\u00bb, Le Ch\u00e2telet-en-Brie<\/strong><\/em><\/p>\n<p>Une journ\u00e9e pour d\u00e9couvrir les bases de la communication universelle des oiseaux chanteurs et comment nous pouvons utiliser cette compr\u00e9hension pour observer plus d\u2019animaux sauvages. Les oiseaux sont les informateurs de la for\u00eat, apprenons \u00e0 voir avec leurs yeux et de devenir invisible pour eux.<\/p>\n<p>Partage de connaissances vieux comme l\u2019humanit\u00e9 mais tomb\u00e9 dans l\u2019oubli. Journ\u00e9e avec des temps de mise en pratique et de mise en situation par le jeu. Laissez-vous \u00e9merveiller et d\u00e9couvrez un nouveau monde. Pas besoin de connaissances naturalistes au pr\u00e9alable. Une journ\u00e9e 100% dehors. Un repas v\u00e9g\u00e9tarien \u00e0 partager sera cuisin\u00e9 sur le feu pour le midi.<\/p>\n<p>Apporter un cahier\/des feuilles, un stylo, une assiette creuse ou un bol, des couverts et un gobelet. Porter des v\u00eatements adapt\u00e9s \u00e0 la m\u00e9t\u00e9o du jour. Atelier maintenu en cas de pluie.<\/p>\n<p><em>Tarifs : 65\u20ac par adulte ; 25\u20ac par enfant accompagn\u00e9 (conseill\u00e9 \u00e0 partir de 10 ans)\u00a0\u00a0<\/em><\/p>\n<p>[\/et_pb_text][\/et_pb_column][\/et_pb_row][et_pb_row column_structure=\u00a0\u00bb1_4,3_4&Prime; _builder_version=\u00a0\u00bb4.24.3&Prime; _module_preset=\u00a0\u00bbdefault\u00a0\u00bb global_colors_info=\u00a0\u00bb{}\u00a0\u00bb][et_pb_column type=\u00a0\u00bb1_4&Prime; _builder_version=\u00a0\u00bb4.24.3&Prime; _module_preset=\u00a0\u00bbdefault\u00a0\u00bb global_colors_info=\u00a0\u00bb{}\u00a0\u00bb][et_pb_image src=\u00a0\u00bbhttps:\/\/lesensdelaventure.fr\/ma-preprod\/wp-content\/uploads\/2026\/04\/Oelauszug-klein.jpg\u00a0\u00bb title_text=\u00a0\u00bbOelauszug klein\u00a0\u00bb _builder_version=\u00a0\u00bb4.24.3&Prime; _module_preset=\u00a0\u00bbdefault\u00a0\u00bb global_colors_info=\u00a0\u00bb{}\u00a0\u00bb][\/et_pb_image][et_pb_button button_url=\u00a0\u00bb@ET-DC@eyJkeW5hbWljIjp0cnVlLCJjb250ZW50IjoicG9zdF9saW5rX3VybF9wcm9kdWN0Iiwic2V0dGluZ3MiOnsicG9zdF9pZCI6IjE4NCJ9fQ==@\u00a0\u00bb button_text=\u00a0\u00bbR\u00e9server mes places\u00a0\u00bb button_alignment=\u00a0\u00bbcenter\u00a0\u00bb _builder_version=\u00a0\u00bb4.24.3&Prime; _dynamic_attributes=\u00a0\u00bbbutton_url\u00a0\u00bb _module_preset=\u00a0\u00bbdefault\u00a0\u00bb global_colors_info=\u00a0\u00bb{}\u00a0\u00bb][\/et_pb_button][\/et_pb_column][et_pb_column type=\u00a0\u00bb3_4&Prime; _builder_version=\u00a0\u00bb4.24.3&Prime; _module_preset=\u00a0\u00bbdefault\u00a0\u00bb global_colors_info=\u00a0\u00bb{}\u00a0\u00bb][et_pb_text _builder_version=\u00a0\u00bb4.24.3&Prime; _module_preset=\u00a0\u00bbdefault\u00a0\u00bb custom_padding=\u00a0\u00bb|||0px||\u00a0\u00bb global_colors_info=\u00a0\u00bb{}\u00a0\u00bb]<\/p>\n<h4><strong>Secrets des plantes comestibles et m\u00e9dicinales<\/strong><\/h4>\n<p><em><strong>Le dimanche 28 Juin de 10h \u00e0 17h \u00e0 \u00ab La Belle Verte \u00bb, Le Ch\u00e2telet-en-Brie<\/strong><\/em><\/p>\n<p>Une journ\u00e9e 100% dehors. Un repas v\u00e9g\u00e9tarien \u00e0 partager sera cuisin\u00e9 sur le feu pour le midi.<\/p>\n<p>Une journ\u00e9e d\u2019initiation \u00e0 la cueillette sauvage. Partage d\u2019une m\u00e9thode pour apprivoiser les plantes au fur et \u00e0 mesure en connaissances des r\u00e8gles de s\u00e9curit\u00e9. Focus du jour sur le plantain et l\u2019achill\u00e9e millefeuille et pr\u00e9paration d\u2019un baume soignant sur le feu. Chaque participant partira avec un pot de baume fait par le groupe.<\/p>\n<p>Apporter un cahier\/des feuilles, un stylo, une assiette creuse ou un bol, des couverts et un gobelet. Porter des v\u00eatements adapt\u00e9s \u00e0 la m\u00e9t\u00e9o du jour. Atelier maintenu en cas de pluie.<\/p>\n<p><em>Tarifs : 70\u20ac par adulte ; 30\u20ac par enfant accompagn\u00e9 (conseill\u00e9 \u00e0 partir de 10 ans minimum)\u00a0\u00a0<\/em><\/p>\n<p>[\/et_pb_text][\/et_pb_column][\/et_pb_row][et_pb_row column_structure=\u00a0\u00bb1_4,3_4&Prime; _builder_version=\u00a0\u00bb4.24.3&Prime; _module_preset=\u00a0\u00bbdefault\u00a0\u00bb global_colors_info=\u00a0\u00bb{}\u00a0\u00bb][et_pb_column type=\u00a0\u00bb1_4&Prime; _builder_version=\u00a0\u00bb4.24.3&Prime; _module_preset=\u00a0\u00bbdefault\u00a0\u00bb global_colors_info=\u00a0\u00bb{}\u00a0\u00bb][et_pb_image src=\u00a0\u00bbhttps:\/\/lesensdelaventure.fr\/ma-preprod\/wp-content\/uploads\/2026\/03\/Feuer-Schule-unterwegs.webp\u00a0\u00bb title_text=\u00a0\u00bbFeuer Schule unterwegs\u00a0\u00bb _builder_version=\u00a0\u00bb4.24.3&Prime; _module_preset=\u00a0\u00bbdefault\u00a0\u00bb global_colors_info=\u00a0\u00bb{}\u00a0\u00bb][\/et_pb_image][et_pb_button button_url=\u00a0\u00bb@ET-DC@eyJkeW5hbWljIjp0cnVlLCJjb250ZW50IjoicG9zdF9saW5rX3VybF9wcm9kdWN0Iiwic2V0dGluZ3MiOnsicG9zdF9pZCI6IjE4OCJ9fQ==@\u00a0\u00bb button_text=\u00a0\u00bbR\u00e9server mes places\u00a0\u00bb button_alignment=\u00a0\u00bbcenter\u00a0\u00bb _builder_version=\u00a0\u00bb4.24.3&Prime; _dynamic_attributes=\u00a0\u00bbbutton_url\u00a0\u00bb _module_preset=\u00a0\u00bbdefault\u00a0\u00bb hover_enabled=\u00a0\u00bb0&Prime; global_colors_info=\u00a0\u00bb{}\u00a0\u00bb sticky_enabled=\u00a0\u00bb0&Prime;][\/et_pb_button][\/et_pb_column][et_pb_column type=\u00a0\u00bb3_4&Prime; _builder_version=\u00a0\u00bb4.24.3&Prime; _module_preset=\u00a0\u00bbdefault\u00a0\u00bb global_colors_info=\u00a0\u00bb{}\u00a0\u00bb][et_pb_text _builder_version=\u00a0\u00bb4.24.3&Prime; _module_preset=\u00a0\u00bbdefault\u00a0\u00bb custom_padding=\u00a0\u00bb|||0px||\u00a0\u00bb global_colors_info=\u00a0\u00bb{}\u00a0\u00bb]<\/p>\n<h4><strong>Initiation aux connaissances ancestrales\u00a0: <\/strong><\/h4>\n<h4><strong>Premiers r\u00e9flexes de survie, connexion \u00e0 la nature, \u00e0 soi et aux autres<\/strong><\/h4>\n<p><em><strong>Du samedi 11 juillet \u00e0 16h au lundi 13 Juillet \u00e0 14h et<\/strong><\/em><\/p>\n<p><em><strong>Du vendredi 17 juillet \u00e0 16h au dimanche 19 Juillet \u00e0 14h<\/strong><\/em><\/p>\n<p><em><strong>\u00a0Lieu\u00a0: \u00ab La Belle Verte \u00bb, Le Ch\u00e2telet-en-Brie<\/strong><\/em><\/p>\n<p>Partout dans le monde, les humains savaient prendre soin d\u2019eux en milieu naturel et y trouver leur place, en s\u2019int\u00e9grant dans les rythmes naturels. \u00a0Ce n\u2019est que depuis peu, \u00e0 l\u2019\u00e9chelle de l\u2019\u00e9volution humaine, que nous avons perdu ce savoir-\u00eatre et ce savoir-faire. Cependant, ces connaissances ancestrales ne sont pas compl\u00e8tement perdues\u2026<\/p>\n<p>Et si nous commencions \u00e0 les red\u00e9couvrir\u00a0? Pour red\u00e9couvrir la nature comme un lieu de ressourcement\u00a0 et de merveilles au quotidien, mais \u00e9galement pour faire l\u2019exp\u00e9rience d\u2019une communaut\u00e9 humaine qui valorise la gratitude, le partage et l\u2019\u00e9coute. Le sens de l\u2019aventure propose un week-end de r\u00e9-initiation aux pratiques ancestrales qui sont toujours autant d\u2019actualit\u00e9\u00a0:<\/p>\n<p><strong>Long week-end d\u2019initiation pratique en atmosph\u00e8re familiale :\u00a0\u00a0\u00a0\u00a0\u00a0\u00a0\u00a0\u00a0\u00a0\u00a0\u00a0\u00a0\u00a0\u00a0\u00a0\u00a0\u00a0\u00a0\u00a0\u00a0\u00a0\u00a0\u00a0\u00a0\u00a0\u00a0\u00a0\u00a0\u00a0\u00a0\u00a0\u00a0\u00a0 <\/strong><\/p>\n<ul>\n<li style=\"list-style-type: none;\">\n<ul>\n<li>D\u00e9veloppement de tous les sens, changer sa perception<\/li>\n<li>Techniques pour se fondre dans la nature, devenir \u00ab\u00a0invisible\u00a0\u00bb<\/li>\n<li>Techniques pour ne pas se perdre en nature<\/li>\n<li>Premiers r\u00e9flexes en situation de survie et cr\u00e9ation d\u2019un abri de secours<\/li>\n<li>Cr\u00e9ation d\u2019une cuill\u00e8re en bois et de cordage en mati\u00e8res naturelles<\/li>\n<li>Faire du feu et connaitre les mesures de s\u00e9curit\u00e9<\/li>\n<li>Histoires autour du feu<\/li>\n<li>Rituels de gratitude et d\u2019\u00e9coute active<\/li>\n<\/ul>\n<\/li>\n<\/ul>\n<p><strong>H\u00e9bergement et restauration : <\/strong>1 week-end 100 % dehors\u00a0!<\/p>\n<p><u>H\u00e9bergement en mode bivouac<\/u> sur le lieu de campement avec du mat\u00e9riel personnel\u00a0: apportez votre tente, tarp, sac de bivouac ou hamac, c\u2019est aussi l\u2019occasion de s\u2019y (re-) mettre. Si vous n\u2019avez pas de mat\u00e9riel, parlons-en pour trouver des solutions. Toilettes s\u00e8ches, mais pas de douche.<\/p>\n<p><u>Des repas v\u00e9g\u00e9tariens et de saison sont pr\u00e9par\u00e9s ensemble<\/u> et cuisin\u00e9s sur le feu. Apportez votre vaisselle de camping (assiette, gobelet, couvert). Merci d\u2019indiquer vos \u00e9ventuels besoins sp\u00e9cifiques (intol\u00e9rances, v\u00e9gan, etc.) lors de la r\u00e9servation.<\/p>\n<p><strong>Tarifs\u00a0:<\/strong><\/p>\n<p><u>Adultes<\/u> : 240 Euros par personne (180 EUR pour l\u2019animation et 60 EUR pour la nourriture et le mat\u00e9riel)<\/p>\n<p><u>Enfants<\/u> : 120 Euros par enfant (Age conseill\u00e9 : \u00e0 partir de 9 ans. Enfants uniquement accompagn\u00e9s d\u2019un adulte. Les enfants restent sous la responsabilit\u00e9 des adultes accompagnateurs pendant tout le s\u00e9jour.)<\/p>\n<p><u>Tarif famille<\/u>\u00a0: 550 Euros pour 2 adultes et leurs enfants\/ petits enfants<\/p>\n<p>[\/et_pb_text][\/et_pb_column][\/et_pb_row][\/et_pb_section]<\/p>\n","protected":false},"excerpt":{"rendered":"<p>\u00a010 routines cl\u00e9s de connexion \u00e0 la nature et \u00e0 soi Le dimanche 7 Juin de 10h \u00e0 17h \u00e0 \u00ab\u00a0La Belle Verte\u00a0\u00bb, Le Ch\u00e2telet-en-Brie Journ\u00e9e d\u2019exp\u00e9rimentation de 10 routines accessibles \u00e0 tous pour d\u00e9couvrir plus de beaut\u00e9 au quotidien et c\u00f4toyer des animaux sauvages.\u00a0 D\u00e9veloppement de la perception en nature avec tous les sens, [&hellip;]<\/p>\n","protected":false},"author":1,"featured_media":0,"parent":0,"menu_order":0,"comment_status":"closed","ping_status":"closed","template":"","meta":{"_et_pb_use_builder":"on","_et_pb_old_content":"","_et_gb_content_width":"","footnotes":""},"class_list":["post-29","page","type-page","status-publish","hentry"],"yoast_head":"<!-- This site is optimized with the Yoast SEO plugin v27.6 - https:\/\/yoast.com\/product\/yoast-seo-wordpress\/ -->\n<title>Agenda - Le sens de l&#039;aventure<\/title>\n<meta name=\"robots\" content=\"index, follow, max-snippet:-1, max-image-preview:large, max-video-preview:-1\" \/>\n<link rel=\"canonical\" href=\"https:\/\/lesensdelaventure.fr\/ma-preprod\/stages\/\" \/>\n<meta property=\"og:locale\" content=\"fr_FR\" \/>\n<meta property=\"og:type\" content=\"article\" \/>\n<meta property=\"og:title\" content=\"Agenda - Le sens de l&#039;aventure\" \/>\n<meta property=\"og:description\" content=\"\u00a010 routines cl\u00e9s de connexion \u00e0 la nature et \u00e0 soi Le dimanche 7 Juin de 10h \u00e0 17h \u00e0 \u00ab\u00a0La Belle Verte\u00a0\u00bb, Le Ch\u00e2telet-en-Brie Journ\u00e9e d\u2019exp\u00e9rimentation de 10 routines accessibles \u00e0 tous pour d\u00e9couvrir plus de beaut\u00e9 au quotidien et c\u00f4toyer des animaux sauvages.\u00a0 D\u00e9veloppement de la perception en nature avec tous les sens, [&hellip;]\" \/>\n<meta property=\"og:url\" content=\"https:\/\/lesensdelaventure.fr\/ma-preprod\/stages\/\" \/>\n<meta property=\"og:site_name\" content=\"Le sens de l&#039;aventure\" \/>\n<meta property=\"article:modified_time\" content=\"2026-05-09T21:48:03+00:00\" \/>\n<meta name=\"twitter:card\" content=\"summary_large_image\" \/>\n<script type=\"application\/ld+json\" class=\"yoast-schema-graph\">{\"@context\":\"https:\\\/\\\/schema.org\",\"@graph\":[{\"@type\":\"WebPage\",\"@id\":\"https:\\\/\\\/lesensdelaventure.fr\\\/ma-preprod\\\/stages\\\/\",\"url\":\"https:\\\/\\\/lesensdelaventure.fr\\\/ma-preprod\\\/stages\\\/\",\"name\":\"Agenda - Le sens de l&#039;aventure\",\"isPartOf\":{\"@id\":\"https:\\\/\\\/lesensdelaventure.fr\\\/#website\"},\"datePublished\":\"2026-03-18T13:59:24+00:00\",\"dateModified\":\"2026-05-09T21:48:03+00:00\",\"breadcrumb\":{\"@id\":\"https:\\\/\\\/lesensdelaventure.fr\\\/ma-preprod\\\/stages\\\/#breadcrumb\"},\"inLanguage\":\"fr-FR\",\"potentialAction\":[{\"@type\":\"ReadAction\",\"target\":[\"https:\\\/\\\/lesensdelaventure.fr\\\/ma-preprod\\\/stages\\\/\"]}]},{\"@type\":\"BreadcrumbList\",\"@id\":\"https:\\\/\\\/lesensdelaventure.fr\\\/ma-preprod\\\/stages\\\/#breadcrumb\",\"itemListElement\":[{\"@type\":\"ListItem\",\"position\":1,\"name\":\"Home\",\"item\":\"https:\\\/\\\/lesensdelaventure.fr\\\/ma-preprod\\\/\"},{\"@type\":\"ListItem\",\"position\":2,\"name\":\"Agenda\"}]},{\"@type\":\"WebSite\",\"@id\":\"https:\\\/\\\/lesensdelaventure.fr\\\/#website\",\"url\":\"https:\\\/\\\/lesensdelaventure.fr\\\/\",\"name\":\"Le sens de l&#039;aventure\",\"description\":\"Explore la nature et connais toi toi-m\u00eame\",\"potentialAction\":[{\"@type\":\"SearchAction\",\"target\":{\"@type\":\"EntryPoint\",\"urlTemplate\":\"https:\\\/\\\/lesensdelaventure.fr\\\/?s={search_term_string}\"},\"query-input\":{\"@type\":\"PropertyValueSpecification\",\"valueRequired\":true,\"valueName\":\"search_term_string\"}}],\"inLanguage\":\"fr-FR\"}]}<\/script>\n<!-- \/ Yoast SEO plugin. -->","yoast_head_json":{"title":"Agenda - Le sens de l&#039;aventure","robots":{"index":"index","follow":"follow","max-snippet":"max-snippet:-1","max-image-preview":"max-image-preview:large","max-video-preview":"max-video-preview:-1"},"canonical":"https:\/\/lesensdelaventure.fr\/ma-preprod\/stages\/","og_locale":"fr_FR","og_type":"article","og_title":"Agenda - Le sens de l&#039;aventure","og_description":"\u00a010 routines cl\u00e9s de connexion \u00e0 la nature et \u00e0 soi Le dimanche 7 Juin de 10h \u00e0 17h \u00e0 \u00ab\u00a0La Belle Verte\u00a0\u00bb, Le Ch\u00e2telet-en-Brie Journ\u00e9e d\u2019exp\u00e9rimentation de 10 routines accessibles \u00e0 tous pour d\u00e9couvrir plus de beaut\u00e9 au quotidien et c\u00f4toyer des animaux sauvages.\u00a0 D\u00e9veloppement de la perception en nature avec tous les sens, [&hellip;]","og_url":"https:\/\/lesensdelaventure.fr\/ma-preprod\/stages\/","og_site_name":"Le sens de l&#039;aventure","article_modified_time":"2026-05-09T21:48:03+00:00","twitter_card":"summary_large_image","schema":{"@context":"https:\/\/schema.org","@graph":[{"@type":"WebPage","@id":"https:\/\/lesensdelaventure.fr\/ma-preprod\/stages\/","url":"https:\/\/lesensdelaventure.fr\/ma-preprod\/stages\/","name":"Agenda - Le sens de l&#039;aventure","isPartOf":{"@id":"https:\/\/lesensdelaventure.fr\/#website"},"datePublished":"2026-03-18T13:59:24+00:00","dateModified":"2026-05-09T21:48:03+00:00","breadcrumb":{"@id":"https:\/\/lesensdelaventure.fr\/ma-preprod\/stages\/#breadcrumb"},"inLanguage":"fr-FR","potentialAction":[{"@type":"ReadAction","target":["https:\/\/lesensdelaventure.fr\/ma-preprod\/stages\/"]}]},{"@type":"BreadcrumbList","@id":"https:\/\/lesensdelaventure.fr\/ma-preprod\/stages\/#breadcrumb","itemListElement":[{"@type":"ListItem","position":1,"name":"Home","item":"https:\/\/lesensdelaventure.fr\/ma-preprod\/"},{"@type":"ListItem","position":2,"name":"Agenda"}]},{"@type":"WebSite","@id":"https:\/\/lesensdelaventure.fr\/#website","url":"https:\/\/lesensdelaventure.fr\/","name":"Le sens de l&#039;aventure","description":"Explore la nature et connais toi toi-m\u00eame","potentialAction":[{"@type":"SearchAction","target":{"@type":"EntryPoint","urlTemplate":"https:\/\/lesensdelaventure.fr\/?s={search_term_string}"},"query-input":{"@type":"PropertyValueSpecification","valueRequired":true,"valueName":"search_term_string"}}],"inLanguage":"fr-FR"}]}},"_links":{"self":[{"href":"https:\/\/lesensdelaventure.fr\/ma-preprod\/wp-json\/wp\/v2\/pages\/29","targetHints":{"allow":["GET"]}}],"collection":[{"href":"https:\/\/lesensdelaventure.fr\/ma-preprod\/wp-json\/wp\/v2\/pages"}],"about":[{"href":"https:\/\/lesensdelaventure.fr\/ma-preprod\/wp-json\/wp\/v2\/types\/page"}],"author":[{"embeddable":true,"href":"https:\/\/lesensdelaventure.fr\/ma-preprod\/wp-json\/wp\/v2\/users\/1"}],"replies":[{"embeddable":true,"href":"https:\/\/lesensdelaventure.fr\/ma-preprod\/wp-json\/wp\/v2\/comments?post=29"}],"version-history":[{"count":17,"href":"https:\/\/lesensdelaventure.fr\/ma-preprod\/wp-json\/wp\/v2\/pages\/29\/revisions"}],"predecessor-version":[{"id":250,"href":"https:\/\/lesensdelaventure.fr\/ma-preprod\/wp-json\/wp\/v2\/pages\/29\/revisions\/250"}],"wp:attachment":[{"href":"https:\/\/lesensdelaventure.fr\/ma-preprod\/wp-json\/wp\/v2\/media?parent=29"}],"curies":[{"name":"wp","href":"https:\/\/api.w.org\/{rel}","templated":true}]}}