{"id":31,"date":"2026-03-18T15:02:27","date_gmt":"2026-03-18T14:02:27","guid":{"rendered":"https:\/\/lesensdelaventure.fr\/ma-preprod\/?page_id=31"},"modified":"2026-04-28T18:20:33","modified_gmt":"2026-04-28T16:20:33","slug":"presentation","status":"publish","type":"page","link":"https:\/\/lesensdelaventure.fr\/ma-preprod\/presentation\/","title":{"rendered":"Pr\u00e9sentation"},"content":{"rendered":"\n[et_pb_section fb_built=\u00a0\u00bb1&Prime; theme_builder_area=\u00a0\u00bbpost_content\u00a0\u00bb _builder_version=\u00a0\u00bb4.24.3&Prime; _module_preset=\u00a0\u00bbdefault\u00a0\u00bb][et_pb_row _builder_version=\u00a0\u00bb4.24.3&Prime; _module_preset=\u00a0\u00bbdefault\u00a0\u00bb column_structure=\u00a0\u00bb2_5,3_5&Prime; theme_builder_area=\u00a0\u00bbpost_content\u00a0\u00bb][et_pb_column _builder_version=\u00a0\u00bb4.24.3&Prime; _module_preset=\u00a0\u00bbdefault\u00a0\u00bb type=\u00a0\u00bb2_5&Prime; theme_builder_area=\u00a0\u00bbpost_content\u00a0\u00bb][et_pb_image src=\u00a0\u00bbhttps:\/\/lesensdelaventure.fr\/ma-preprod\/wp-content\/uploads\/2026\/03\/portrait.webp\u00a0\u00bb _builder_version=\u00a0\u00bb4.24.3&Prime; _module_preset=\u00a0\u00bbdefault\u00a0\u00bb theme_builder_area=\u00a0\u00bbpost_content\u00a0\u00bb title_text=\u00a0\u00bbportrait\u00a0\u00bb hover_enabled=\u00a0\u00bb0&Prime; sticky_enabled=\u00a0\u00bb0&Prime;][\/et_pb_image][\/et_pb_column][et_pb_column _builder_version=\u00a0\u00bb4.24.3&Prime; _module_preset=\u00a0\u00bbdefault\u00a0\u00bb type=\u00a0\u00bb3_5&Prime; theme_builder_area=\u00a0\u00bbpost_content\u00a0\u00bb][et_pb_text _builder_version=\u00a0\u00bb4.24.3&Prime; _module_preset=\u00a0\u00bbdefault\u00a0\u00bb theme_builder_area=\u00a0\u00bbpost_content\u00a0\u00bb hover_enabled=\u00a0\u00bb0&Prime; sticky_enabled=\u00a0\u00bb0&Prime;]<p>&nbsp;<\/p>\n<h2 style=\"text-align: center;\"><strong>Le sens de l&rsquo;aventure\u00a0<\/strong><\/h2>\n<p style=\"text-align: center;\"><span><\/span><\/p>\n<p style=\"text-align: center;\"><span>\u00ab<em>\u00a0Ce n&rsquo;est pas la mort qu&rsquo;il faut craindre, mais de ne jamais commencer \u00e0 vivre.<\/em>\u00a0\u00bb<\/span><\/p>\n<p style=\"text-align: center;\"><span> Marc Aur\u00e8le<\/span><\/p>\n<p style=\"text-align: center;\"><span><\/span><\/p>\n<p>J&rsquo;ai cr\u00e9\u00e9 Le sens de l&rsquo;aventure\u00a0pour pouvoir transmettre ces connaissances ancestrales qui nous aident \u00e0 nous sentir plus vivant, plus en \u00e9quilibre, et nous donnent de l\u2019\u00e9nergie positive. Ces comp\u00e9tences nous aident \u00e0 r\u00e9cr\u00e9er des liens qui nous soutiennent et \u00e0 d\u00e9faire ceux qui nous \u00e9touffent.<\/p>[\/et_pb_text][\/et_pb_column][\/et_pb_row][et_pb_row _builder_version=\u00a0\u00bb4.24.3&Prime; _module_preset=\u00a0\u00bbdefault\u00a0\u00bb theme_builder_area=\u00a0\u00bbpost_content\u00a0\u00bb][et_pb_column _builder_version=\u00a0\u00bb4.24.3&Prime; _module_preset=\u00a0\u00bbdefault\u00a0\u00bb type=\u00a0\u00bb4_4&Prime; theme_builder_area=\u00a0\u00bbpost_content\u00a0\u00bb][et_pb_text _builder_version=\u00a0\u00bb4.24.3&Prime; _module_preset=\u00a0\u00bbdefault\u00a0\u00bb theme_builder_area=\u00a0\u00bbpost_content\u00a0\u00bb hover_enabled=\u00a0\u00bb0&Prime; sticky_enabled=\u00a0\u00bb0&Prime;]<p>N\u00e9e \u00e0 Berlin en Allemagne, j\u2019ai grandi dans une \u00e9cole qui suivait une p\u00e9dagogie alternative dite \u00ab\u00a0de l\u2019exp\u00e9rience\u00a0\u00bb. L\u2019id\u00e9e, selon le fondateur Kurt Hahn, \u00e9tait de faire d\u00e9velopper non seulement \u00ab\u00a0la t\u00eate\u00a0\u00bb \u00e0 travers l\u2019enseignement classique, mais aussi \u00ab\u00a0la main\u00a0\u00bb \u00e0 travers les activit\u00e9s sportives, artistiques et artisanales et \u00ab\u00a0le c\u0153ur\u00a0\u00bb \u00e0 travers un engagement social d\u00e8s 15 ans.<\/p>\n<p>Pendant mes \u00e9tudes en sciences politiques, j\u2019ai encadr\u00e9 des colonies de vacances et donn\u00e9 des cours d\u2019optimist (premier voilier pour enfant). Je me suis form\u00e9 en \u00e9valuatrice d\u2019excursion nature du programme \u00ab\u00a0International Duke of Edinbourgh Award\u00a0\u00bb. Et j\u2019ai fait une formation cheffe de quart en voilier traditionnel sur la go\u00e9lette \u00e0 trois mats \u00ab\u00a0Thor Heyerdahl\u00a0\u00bb sur laquelle j\u2019ai accompagn\u00e9 de nombreuses classes de mer et de s\u00e9minaires d\u2019\u00e9quipe.<\/p>\n<p>Apr\u00e8s avoir termin\u00e9 mes \u00e9tudes, je suis partie avec ce bateau pendant 6 mois pour une travers\u00e9e de l\u2019atlantique (aller et retour) dans le cadre d\u2019un projet p\u00e9dagogique avec une classe de 30 \u00e9l\u00e8ves de 16 ans. Un programme dense de d\u00e9couverte de diff\u00e9rents cultures et pays et une navigation exigeante\u00a0!<\/p>\n<p>Apr\u00e8s une carri\u00e8re en Allemagne et en France dans la recherche appliqu\u00e9e et le conseil dans les domaines d\u2019\u00e9conomie et environnement, je suis retourn\u00e9 avec cette activit\u00e9 dans ma vocation premi\u00e8re p\u00e9dagogique. Pour cela, je me suis form\u00e9 en p\u00e9dagogie \u00ab\u00a08 shields\u00a0\u00bb et connaissances ancestrales pendant un an en Allemagne dans la \u00ab\u00a0Kojote-Akademie\u00a0\u00bb suivant les enseignements de Tom Brown Jr. de la \u00ab\u00a0Tracker School\u00a0\u00bb et de Jon Young. Depuis 2019, je suis \u00e9galement une formation \u00ab\u00a0Plantes comestibles et m\u00e9dicinales\u00a0\u00bb en France avec le Chemin de La Nature.<\/p>\n<p>Aujourd\u2019hui, il me semble urgent de red\u00e9couvrir ensemble les bienfaits et les cl\u00e9s de l\u2019autonomie dans la nature, de la passion et de la compassion ainsi que le sentiment d\u2019\u00eatre vivant, bref de l\u2019aventure. Mon crit\u00e8re de r\u00e9ussite est de changer votre quotidien, pas seulement de vous faire passer un bon moment lors de l\u2019atelier. Je m\u2019appelle Anuschka Hilke.<\/p>[\/et_pb_text][\/et_pb_column][\/et_pb_row][\/et_pb_section]\n","protected":false},"excerpt":{"rendered":"<p>&nbsp; Le sens de l&rsquo;aventure\u00a0 \u00ab\u00a0Ce n&rsquo;est pas la mort qu&rsquo;il faut craindre, mais de ne jamais commencer \u00e0 vivre.\u00a0\u00bb Marc Aur\u00e8le J&rsquo;ai cr\u00e9\u00e9 Le sens de l&rsquo;aventure\u00a0pour pouvoir transmettre ces connaissances ancestrales qui nous aident \u00e0 nous sentir plus vivant, plus en \u00e9quilibre, et nous donnent de l\u2019\u00e9nergie positive. Ces comp\u00e9tences nous aident \u00e0 [&hellip;]<\/p>\n","protected":false},"author":1,"featured_media":0,"parent":0,"menu_order":0,"comment_status":"closed","ping_status":"closed","template":"","meta":{"_et_pb_use_builder":"on","_et_pb_old_content":"<!-- wp:divi\/placeholder \/-->","_et_gb_content_width":"","footnotes":""},"class_list":["post-31","page","type-page","status-publish","hentry"],"yoast_head":"<!-- This site is optimized with the Yoast SEO plugin v27.6 - https:\/\/yoast.com\/product\/yoast-seo-wordpress\/ -->\n<title>Pr\u00e9sentation - Le sens de l&#039;aventure<\/title>\n<meta name=\"robots\" content=\"index, follow, max-snippet:-1, max-image-preview:large, max-video-preview:-1\" \/>\n<link rel=\"canonical\" href=\"https:\/\/lesensdelaventure.fr\/ma-preprod\/presentation\/\" \/>\n<meta property=\"og:locale\" content=\"fr_FR\" \/>\n<meta property=\"og:type\" content=\"article\" \/>\n<meta property=\"og:title\" content=\"Pr\u00e9sentation - Le sens de l&#039;aventure\" \/>\n<meta property=\"og:description\" content=\"&nbsp; Le sens de l&#039;aventure\u00a0 \u00ab\u00a0Ce n&#039;est pas la mort qu&#039;il faut craindre, mais de ne jamais commencer \u00e0 vivre.\u00a0\u00bb Marc Aur\u00e8le J&#039;ai cr\u00e9\u00e9 Le sens de l&#039;aventure\u00a0pour pouvoir transmettre ces connaissances ancestrales qui nous aident \u00e0 nous sentir plus vivant, plus en \u00e9quilibre, et nous donnent de l\u2019\u00e9nergie positive. Ces comp\u00e9tences nous aident \u00e0 [&hellip;]\" \/>\n<meta property=\"og:url\" content=\"https:\/\/lesensdelaventure.fr\/ma-preprod\/presentation\/\" \/>\n<meta property=\"og:site_name\" content=\"Le sens de l&#039;aventure\" \/>\n<meta property=\"article:modified_time\" content=\"2026-04-28T16:20:33+00:00\" \/>\n<meta name=\"twitter:card\" content=\"summary_large_image\" \/>\n<meta name=\"twitter:label1\" content=\"Dur\u00e9e de lecture estim\u00e9e\" \/>\n\t<meta name=\"twitter:data1\" content=\"3 minutes\" \/>\n<script type=\"application\/ld+json\" class=\"yoast-schema-graph\">{\"@context\":\"https:\\\/\\\/schema.org\",\"@graph\":[{\"@type\":\"WebPage\",\"@id\":\"https:\\\/\\\/lesensdelaventure.fr\\\/ma-preprod\\\/presentation\\\/\",\"url\":\"https:\\\/\\\/lesensdelaventure.fr\\\/ma-preprod\\\/presentation\\\/\",\"name\":\"Pr\u00e9sentation - Le sens de l&#039;aventure\",\"isPartOf\":{\"@id\":\"https:\\\/\\\/lesensdelaventure.fr\\\/#website\"},\"datePublished\":\"2026-03-18T14:02:27+00:00\",\"dateModified\":\"2026-04-28T16:20:33+00:00\",\"breadcrumb\":{\"@id\":\"https:\\\/\\\/lesensdelaventure.fr\\\/ma-preprod\\\/presentation\\\/#breadcrumb\"},\"inLanguage\":\"fr-FR\",\"potentialAction\":[{\"@type\":\"ReadAction\",\"target\":[\"https:\\\/\\\/lesensdelaventure.fr\\\/ma-preprod\\\/presentation\\\/\"]}]},{\"@type\":\"BreadcrumbList\",\"@id\":\"https:\\\/\\\/lesensdelaventure.fr\\\/ma-preprod\\\/presentation\\\/#breadcrumb\",\"itemListElement\":[{\"@type\":\"ListItem\",\"position\":1,\"name\":\"Home\",\"item\":\"https:\\\/\\\/lesensdelaventure.fr\\\/ma-preprod\\\/\"},{\"@type\":\"ListItem\",\"position\":2,\"name\":\"Pr\u00e9sentation\"}]},{\"@type\":\"WebSite\",\"@id\":\"https:\\\/\\\/lesensdelaventure.fr\\\/#website\",\"url\":\"https:\\\/\\\/lesensdelaventure.fr\\\/\",\"name\":\"Le sens de l&#039;aventure\",\"description\":\"Explore la nature et connais toi toi-m\u00eame\",\"potentialAction\":[{\"@type\":\"SearchAction\",\"target\":{\"@type\":\"EntryPoint\",\"urlTemplate\":\"https:\\\/\\\/lesensdelaventure.fr\\\/?s={search_term_string}\"},\"query-input\":{\"@type\":\"PropertyValueSpecification\",\"valueRequired\":true,\"valueName\":\"search_term_string\"}}],\"inLanguage\":\"fr-FR\"}]}<\/script>\n<!-- \/ Yoast SEO plugin. -->","yoast_head_json":{"title":"Pr\u00e9sentation - Le sens de l&#039;aventure","robots":{"index":"index","follow":"follow","max-snippet":"max-snippet:-1","max-image-preview":"max-image-preview:large","max-video-preview":"max-video-preview:-1"},"canonical":"https:\/\/lesensdelaventure.fr\/ma-preprod\/presentation\/","og_locale":"fr_FR","og_type":"article","og_title":"Pr\u00e9sentation - Le sens de l&#039;aventure","og_description":"&nbsp; Le sens de l'aventure\u00a0 \u00ab\u00a0Ce n'est pas la mort qu'il faut craindre, mais de ne jamais commencer \u00e0 vivre.\u00a0\u00bb Marc Aur\u00e8le J'ai cr\u00e9\u00e9 Le sens de l'aventure\u00a0pour pouvoir transmettre ces connaissances ancestrales qui nous aident \u00e0 nous sentir plus vivant, plus en \u00e9quilibre, et nous donnent de l\u2019\u00e9nergie positive. Ces comp\u00e9tences nous aident \u00e0 [&hellip;]","og_url":"https:\/\/lesensdelaventure.fr\/ma-preprod\/presentation\/","og_site_name":"Le sens de l&#039;aventure","article_modified_time":"2026-04-28T16:20:33+00:00","twitter_card":"summary_large_image","twitter_misc":{"Dur\u00e9e de lecture estim\u00e9e":"3 minutes"},"schema":{"@context":"https:\/\/schema.org","@graph":[{"@type":"WebPage","@id":"https:\/\/lesensdelaventure.fr\/ma-preprod\/presentation\/","url":"https:\/\/lesensdelaventure.fr\/ma-preprod\/presentation\/","name":"Pr\u00e9sentation - Le sens de l&#039;aventure","isPartOf":{"@id":"https:\/\/lesensdelaventure.fr\/#website"},"datePublished":"2026-03-18T14:02:27+00:00","dateModified":"2026-04-28T16:20:33+00:00","breadcrumb":{"@id":"https:\/\/lesensdelaventure.fr\/ma-preprod\/presentation\/#breadcrumb"},"inLanguage":"fr-FR","potentialAction":[{"@type":"ReadAction","target":["https:\/\/lesensdelaventure.fr\/ma-preprod\/presentation\/"]}]},{"@type":"BreadcrumbList","@id":"https:\/\/lesensdelaventure.fr\/ma-preprod\/presentation\/#breadcrumb","itemListElement":[{"@type":"ListItem","position":1,"name":"Home","item":"https:\/\/lesensdelaventure.fr\/ma-preprod\/"},{"@type":"ListItem","position":2,"name":"Pr\u00e9sentation"}]},{"@type":"WebSite","@id":"https:\/\/lesensdelaventure.fr\/#website","url":"https:\/\/lesensdelaventure.fr\/","name":"Le sens de l&#039;aventure","description":"Explore la nature et connais toi toi-m\u00eame","potentialAction":[{"@type":"SearchAction","target":{"@type":"EntryPoint","urlTemplate":"https:\/\/lesensdelaventure.fr\/?s={search_term_string}"},"query-input":{"@type":"PropertyValueSpecification","valueRequired":true,"valueName":"search_term_string"}}],"inLanguage":"fr-FR"}]}},"_links":{"self":[{"href":"https:\/\/lesensdelaventure.fr\/ma-preprod\/wp-json\/wp\/v2\/pages\/31","targetHints":{"allow":["GET"]}}],"collection":[{"href":"https:\/\/lesensdelaventure.fr\/ma-preprod\/wp-json\/wp\/v2\/pages"}],"about":[{"href":"https:\/\/lesensdelaventure.fr\/ma-preprod\/wp-json\/wp\/v2\/types\/page"}],"author":[{"embeddable":true,"href":"https:\/\/lesensdelaventure.fr\/ma-preprod\/wp-json\/wp\/v2\/users\/1"}],"replies":[{"embeddable":true,"href":"https:\/\/lesensdelaventure.fr\/ma-preprod\/wp-json\/wp\/v2\/comments?post=31"}],"version-history":[{"count":5,"href":"https:\/\/lesensdelaventure.fr\/ma-preprod\/wp-json\/wp\/v2\/pages\/31\/revisions"}],"predecessor-version":[{"id":129,"href":"https:\/\/lesensdelaventure.fr\/ma-preprod\/wp-json\/wp\/v2\/pages\/31\/revisions\/129"}],"wp:attachment":[{"href":"https:\/\/lesensdelaventure.fr\/ma-preprod\/wp-json\/wp\/v2\/media?parent=31"}],"curies":[{"name":"wp","href":"https:\/\/api.w.org\/{rel}","templated":true}]}}