{"id":176,"date":"2026-05-09T12:16:51","date_gmt":"2026-05-09T10:16:51","guid":{"rendered":"https:\/\/lesensdelaventure.fr\/ma-preprod\/?post_type=product&#038;p=176"},"modified":"2026-05-09T17:39:30","modified_gmt":"2026-05-09T15:39:30","slug":"10-routines-cles","status":"publish","type":"product","link":"https:\/\/lesensdelaventure.fr\/ma-preprod\/produit\/10-routines-cles\/","title":{"rendered":"10 routines cl\u00e9s de connexion \u00e0 la nature et \u00e0 soi (07 juin)"},"content":{"rendered":"<p><em><strong>Le dimanche 7 Juin 2026 de 10h \u00e0 17h\u00a0 \u00ab La Belle Verte \u00bb, Le Ch\u00e2telet-en-Brie<\/strong><\/em><\/p>\n<p>Journ\u00e9e d\u2019exp\u00e9rimentation de 10 routines accessibles \u00e0 tous pour d\u00e9couvrir plus de beaut\u00e9 au quotidien et c\u00f4toyer des animaux sauvages.\u00a0 D\u00e9veloppement de la perception en nature avec tous les sens, faire confiance \u00e0 son intuition, travailler sa m\u00e9moire, et son attitude positive. Les routines abord\u00e9es sont la marche du renard, les yeux de l\u2019hibou, les oreilles du chevreuil, l\u2019errance, ma place assise en nature, mon journal nature, la gratitude, le cercle de parole, la m\u00e9ditation des sens, des jeux \u00e0 l\u2019aveugle. Une journ\u00e9e 100% dehors. Un repas v\u00e9g\u00e9tarien \u00e0 partager sera cuisin\u00e9 sur le feu pour le midi.<\/p>\n<p>Apporter un cahier\/des feuilles, un stylo, une assiette creuse ou un bol, des couverts, un gobelet et un bandeau pour les yeux (par exemple un masque de sommeil, buff ou bandana). Porter des v\u00eatements adapt\u00e9s \u00e0 la m\u00e9t\u00e9o du jour. Atelier maintenu en cas de pluie.<\/p>\n<p>&nbsp;<\/p>\n","protected":false},"excerpt":{"rendered":"<p>Journ\u00e9e d\u2019exp\u00e9rimentation de 10 routines accessibles \u00e0 tous pour d\u00e9couvrir plus de beaut\u00e9 au quotidien et c\u00f4toyer des animaux sauvages.<\/p>\n","protected":false},"featured_media":80,"template":"","meta":{"_et_pb_use_builder":"","_et_pb_old_content":"","_et_gb_content_width":""},"product_brand":[],"product_cat":[22],"product_tag":[],"class_list":{"0":"post-176","1":"product","2":"type-product","3":"status-publish","4":"has-post-thumbnail","6":"product_cat-journee-dinitiation","8":"first","9":"instock","10":"shipping-taxable","11":"purchasable","12":"product-type-variable","13":"has-default-attributes"},"yoast_head":"<!-- This site is optimized with the Yoast SEO plugin v27.6 - https:\/\/yoast.com\/product\/yoast-seo-wordpress\/ -->\n<title>10 routines cl\u00e9s de connexion \u00e0 la nature et \u00e0 soi (07 juin) - Le sens de l&#039;aventure<\/title>\n<meta name=\"description\" content=\"Journ\u00e9e d\u2019exp\u00e9rimentation de 10 routines accessibles \u00e0 tous pour d\u00e9couvrir plus de beaut\u00e9 au quotidien et c\u00f4toyer des animaux sauvages.\" \/>\n<meta name=\"robots\" content=\"index, follow, max-snippet:-1, max-image-preview:large, max-video-preview:-1\" \/>\n<link rel=\"canonical\" href=\"https:\/\/lesensdelaventure.fr\/ma-preprod\/produit\/10-routines-cles\/\" \/>\n<meta property=\"og:locale\" content=\"fr_FR\" \/>\n<meta property=\"og:type\" content=\"article\" \/>\n<meta property=\"og:title\" content=\"10 routines cl\u00e9s de connexion \u00e0 la nature et \u00e0 soi (07 juin) - Le sens de l&#039;aventure\" \/>\n<meta property=\"og:description\" content=\"Journ\u00e9e d\u2019exp\u00e9rimentation de 10 routines accessibles \u00e0 tous pour d\u00e9couvrir plus de beaut\u00e9 au quotidien et c\u00f4toyer des animaux sauvages.\" \/>\n<meta property=\"og:url\" content=\"https:\/\/lesensdelaventure.fr\/ma-preprod\/produit\/10-routines-cles\/\" \/>\n<meta property=\"og:site_name\" content=\"Le sens de l&#039;aventure\" \/>\n<meta property=\"article:modified_time\" content=\"2026-05-09T15:39:30+00:00\" \/>\n<meta property=\"og:image\" content=\"https:\/\/lesensdelaventure.fr\/ma-preprod\/wp-content\/uploads\/2026\/04\/soleil-en-foret.jpg\" \/>\n\t<meta property=\"og:image:width\" content=\"500\" \/>\n\t<meta property=\"og:image:height\" content=\"500\" \/>\n\t<meta property=\"og:image:type\" content=\"image\/jpeg\" \/>\n<meta name=\"twitter:card\" content=\"summary_large_image\" \/>\n<meta name=\"twitter:label1\" content=\"Dur\u00e9e de lecture estim\u00e9e\" \/>\n\t<meta name=\"twitter:data1\" content=\"2 minutes\" \/>\n<script type=\"application\/ld+json\" class=\"yoast-schema-graph\">{\"@context\":\"https:\\\/\\\/schema.org\",\"@graph\":[{\"@type\":\"WebPage\",\"@id\":\"https:\\\/\\\/lesensdelaventure.fr\\\/ma-preprod\\\/produit\\\/10-routines-cles\\\/\",\"url\":\"https:\\\/\\\/lesensdelaventure.fr\\\/ma-preprod\\\/produit\\\/10-routines-cles\\\/\",\"name\":\"10 routines cl\u00e9s de connexion \u00e0 la nature et \u00e0 soi (07 juin) - Le sens de l&#039;aventure\",\"isPartOf\":{\"@id\":\"https:\\\/\\\/lesensdelaventure.fr\\\/#website\"},\"primaryImageOfPage\":{\"@id\":\"https:\\\/\\\/lesensdelaventure.fr\\\/ma-preprod\\\/produit\\\/10-routines-cles\\\/#primaryimage\"},\"image\":{\"@id\":\"https:\\\/\\\/lesensdelaventure.fr\\\/ma-preprod\\\/produit\\\/10-routines-cles\\\/#primaryimage\"},\"thumbnailUrl\":\"https:\\\/\\\/lesensdelaventure.fr\\\/ma-preprod\\\/wp-content\\\/uploads\\\/2026\\\/04\\\/soleil-en-foret.jpg\",\"datePublished\":\"2026-05-09T10:16:51+00:00\",\"dateModified\":\"2026-05-09T15:39:30+00:00\",\"description\":\"Journ\u00e9e d\u2019exp\u00e9rimentation de 10 routines accessibles \u00e0 tous pour d\u00e9couvrir plus de beaut\u00e9 au quotidien et c\u00f4toyer des animaux sauvages.\",\"breadcrumb\":{\"@id\":\"https:\\\/\\\/lesensdelaventure.fr\\\/ma-preprod\\\/produit\\\/10-routines-cles\\\/#breadcrumb\"},\"inLanguage\":\"fr-FR\",\"potentialAction\":[{\"@type\":\"ReadAction\",\"target\":[\"https:\\\/\\\/lesensdelaventure.fr\\\/ma-preprod\\\/produit\\\/10-routines-cles\\\/\"]}]},{\"@type\":\"ImageObject\",\"inLanguage\":\"fr-FR\",\"@id\":\"https:\\\/\\\/lesensdelaventure.fr\\\/ma-preprod\\\/produit\\\/10-routines-cles\\\/#primaryimage\",\"url\":\"https:\\\/\\\/lesensdelaventure.fr\\\/ma-preprod\\\/wp-content\\\/uploads\\\/2026\\\/04\\\/soleil-en-foret.jpg\",\"contentUrl\":\"https:\\\/\\\/lesensdelaventure.fr\\\/ma-preprod\\\/wp-content\\\/uploads\\\/2026\\\/04\\\/soleil-en-foret.jpg\",\"width\":500,\"height\":500,\"caption\":\"Atelier\"},{\"@type\":\"BreadcrumbList\",\"@id\":\"https:\\\/\\\/lesensdelaventure.fr\\\/ma-preprod\\\/produit\\\/10-routines-cles\\\/#breadcrumb\",\"itemListElement\":[{\"@type\":\"ListItem\",\"position\":1,\"name\":\"Home\",\"item\":\"https:\\\/\\\/lesensdelaventure.fr\\\/ma-preprod\\\/\"},{\"@type\":\"ListItem\",\"position\":2,\"name\":\"R\u00e9server son stage\",\"item\":\"https:\\\/\\\/lesensdelaventure.fr\\\/ma-preprod\\\/reservations\\\/\"},{\"@type\":\"ListItem\",\"position\":3,\"name\":\"10 routines cl\u00e9s de connexion \u00e0 la nature et \u00e0 soi (07 juin)\"}]},{\"@type\":\"WebSite\",\"@id\":\"https:\\\/\\\/lesensdelaventure.fr\\\/#website\",\"url\":\"https:\\\/\\\/lesensdelaventure.fr\\\/\",\"name\":\"Le sens de l&#039;aventure\",\"description\":\"Explore la nature et connais toi toi-m\u00eame\",\"potentialAction\":[{\"@type\":\"SearchAction\",\"target\":{\"@type\":\"EntryPoint\",\"urlTemplate\":\"https:\\\/\\\/lesensdelaventure.fr\\\/?s={search_term_string}\"},\"query-input\":{\"@type\":\"PropertyValueSpecification\",\"valueRequired\":true,\"valueName\":\"search_term_string\"}}],\"inLanguage\":\"fr-FR\"}]}<\/script>\n<!-- \/ Yoast SEO plugin. -->","yoast_head_json":{"title":"10 routines cl\u00e9s de connexion \u00e0 la nature et \u00e0 soi (07 juin) - Le sens de l&#039;aventure","description":"Journ\u00e9e d\u2019exp\u00e9rimentation de 10 routines accessibles \u00e0 tous pour d\u00e9couvrir plus de beaut\u00e9 au quotidien et c\u00f4toyer des animaux sauvages.","robots":{"index":"index","follow":"follow","max-snippet":"max-snippet:-1","max-image-preview":"max-image-preview:large","max-video-preview":"max-video-preview:-1"},"canonical":"https:\/\/lesensdelaventure.fr\/ma-preprod\/produit\/10-routines-cles\/","og_locale":"fr_FR","og_type":"article","og_title":"10 routines cl\u00e9s de connexion \u00e0 la nature et \u00e0 soi (07 juin) - Le sens de l&#039;aventure","og_description":"Journ\u00e9e d\u2019exp\u00e9rimentation de 10 routines accessibles \u00e0 tous pour d\u00e9couvrir plus de beaut\u00e9 au quotidien et c\u00f4toyer des animaux sauvages.","og_url":"https:\/\/lesensdelaventure.fr\/ma-preprod\/produit\/10-routines-cles\/","og_site_name":"Le sens de l&#039;aventure","article_modified_time":"2026-05-09T15:39:30+00:00","og_image":[{"width":500,"height":500,"url":"https:\/\/lesensdelaventure.fr\/ma-preprod\/wp-content\/uploads\/2026\/04\/soleil-en-foret.jpg","type":"image\/jpeg"}],"twitter_card":"summary_large_image","twitter_misc":{"Dur\u00e9e de lecture estim\u00e9e":"2 minutes"},"schema":{"@context":"https:\/\/schema.org","@graph":[{"@type":"WebPage","@id":"https:\/\/lesensdelaventure.fr\/ma-preprod\/produit\/10-routines-cles\/","url":"https:\/\/lesensdelaventure.fr\/ma-preprod\/produit\/10-routines-cles\/","name":"10 routines cl\u00e9s de connexion \u00e0 la nature et \u00e0 soi (07 juin) - Le sens de l&#039;aventure","isPartOf":{"@id":"https:\/\/lesensdelaventure.fr\/#website"},"primaryImageOfPage":{"@id":"https:\/\/lesensdelaventure.fr\/ma-preprod\/produit\/10-routines-cles\/#primaryimage"},"image":{"@id":"https:\/\/lesensdelaventure.fr\/ma-preprod\/produit\/10-routines-cles\/#primaryimage"},"thumbnailUrl":"https:\/\/lesensdelaventure.fr\/ma-preprod\/wp-content\/uploads\/2026\/04\/soleil-en-foret.jpg","datePublished":"2026-05-09T10:16:51+00:00","dateModified":"2026-05-09T15:39:30+00:00","description":"Journ\u00e9e d\u2019exp\u00e9rimentation de 10 routines accessibles \u00e0 tous pour d\u00e9couvrir plus de beaut\u00e9 au quotidien et c\u00f4toyer des animaux sauvages.","breadcrumb":{"@id":"https:\/\/lesensdelaventure.fr\/ma-preprod\/produit\/10-routines-cles\/#breadcrumb"},"inLanguage":"fr-FR","potentialAction":[{"@type":"ReadAction","target":["https:\/\/lesensdelaventure.fr\/ma-preprod\/produit\/10-routines-cles\/"]}]},{"@type":"ImageObject","inLanguage":"fr-FR","@id":"https:\/\/lesensdelaventure.fr\/ma-preprod\/produit\/10-routines-cles\/#primaryimage","url":"https:\/\/lesensdelaventure.fr\/ma-preprod\/wp-content\/uploads\/2026\/04\/soleil-en-foret.jpg","contentUrl":"https:\/\/lesensdelaventure.fr\/ma-preprod\/wp-content\/uploads\/2026\/04\/soleil-en-foret.jpg","width":500,"height":500,"caption":"Atelier"},{"@type":"BreadcrumbList","@id":"https:\/\/lesensdelaventure.fr\/ma-preprod\/produit\/10-routines-cles\/#breadcrumb","itemListElement":[{"@type":"ListItem","position":1,"name":"Home","item":"https:\/\/lesensdelaventure.fr\/ma-preprod\/"},{"@type":"ListItem","position":2,"name":"R\u00e9server son stage","item":"https:\/\/lesensdelaventure.fr\/ma-preprod\/reservations\/"},{"@type":"ListItem","position":3,"name":"10 routines cl\u00e9s de connexion \u00e0 la nature et \u00e0 soi (07 juin)"}]},{"@type":"WebSite","@id":"https:\/\/lesensdelaventure.fr\/#website","url":"https:\/\/lesensdelaventure.fr\/","name":"Le sens de l&#039;aventure","description":"Explore la nature et connais toi toi-m\u00eame","potentialAction":[{"@type":"SearchAction","target":{"@type":"EntryPoint","urlTemplate":"https:\/\/lesensdelaventure.fr\/?s={search_term_string}"},"query-input":{"@type":"PropertyValueSpecification","valueRequired":true,"valueName":"search_term_string"}}],"inLanguage":"fr-FR"}]}},"_links":{"self":[{"href":"https:\/\/lesensdelaventure.fr\/ma-preprod\/wp-json\/wp\/v2\/product\/176","targetHints":{"allow":["GET"]}}],"collection":[{"href":"https:\/\/lesensdelaventure.fr\/ma-preprod\/wp-json\/wp\/v2\/product"}],"about":[{"href":"https:\/\/lesensdelaventure.fr\/ma-preprod\/wp-json\/wp\/v2\/types\/product"}],"wp:featuredmedia":[{"embeddable":true,"href":"https:\/\/lesensdelaventure.fr\/ma-preprod\/wp-json\/wp\/v2\/media\/80"}],"wp:attachment":[{"href":"https:\/\/lesensdelaventure.fr\/ma-preprod\/wp-json\/wp\/v2\/media?parent=176"}],"wp:term":[{"taxonomy":"product_brand","embeddable":true,"href":"https:\/\/lesensdelaventure.fr\/ma-preprod\/wp-json\/wp\/v2\/product_brand?post=176"},{"taxonomy":"product_cat","embeddable":true,"href":"https:\/\/lesensdelaventure.fr\/ma-preprod\/wp-json\/wp\/v2\/product_cat?post=176"},{"taxonomy":"product_tag","embeddable":true,"href":"https:\/\/lesensdelaventure.fr\/ma-preprod\/wp-json\/wp\/v2\/product_tag?post=176"}],"curies":[{"name":"wp","href":"https:\/\/api.w.org\/{rel}","templated":true}]}}