{"id":184,"date":"2026-05-08T23:42:14","date_gmt":"2026-05-08T21:42:14","guid":{"rendered":"https:\/\/lesensdelaventure.fr\/ma-preprod\/?post_type=product&#038;p=184"},"modified":"2026-05-09T17:41:40","modified_gmt":"2026-05-09T15:41:40","slug":"secrets-de-plantes","status":"publish","type":"product","link":"https:\/\/lesensdelaventure.fr\/ma-preprod\/produit\/secrets-de-plantes\/","title":{"rendered":"Secrets des plantes comestibles et m\u00e9dicinales (28 juin)"},"content":{"rendered":"<p><em><strong>Le dimanche 28 Juin de 10h \u00e0 17h \u00e0 \u00ab La Belle Verte \u00bb, Le Ch\u00e2telet-en-Brie<\/strong><\/em><\/p>\n<p>Une journ\u00e9e d\u2019initiation \u00e0 la cueillette sauvage. Partage d\u2019une m\u00e9thode pour apprivoiser les plantes au fur et \u00e0 mesure en connaissances des r\u00e8gles de s\u00e9curit\u00e9. Focus du jour sur le plantain et l\u2019achill\u00e9e millefeuille et pr\u00e9paration d\u2019un baume soignant. Chaque participant partira avec un pot de baume fait par le groupe.<\/p>\n<p>Une journ\u00e9e 100% dehors. Un repas v\u00e9g\u00e9tarien \u00e0 base de plantes sauvages \u00e0 partager sera cuisin\u00e9 sur le feu pour le midi.<\/p>\n<p>Apporter un cahier\/des feuilles, un stylo, une assiette creuse ou un bol, des couverts et un gobelet. Porter des v\u00eatements adapt\u00e9s \u00e0 la m\u00e9t\u00e9o du jour. Atelier maintenu en cas de pluie.<\/p>\n<p>&nbsp;<\/p>\n<p>&nbsp;<\/p>\n","protected":false},"excerpt":{"rendered":"<p>Une journ\u00e9e d\u2019initiation \u00e0 la cueillette sauvage : Partage d\u2019une m\u00e9thode pour apprivoiser les plantes au fur et \u00e0 mesure en connaissances des r\u00e8gles de s\u00e9curit\u00e9. Pr\u00e9paration d\u2019un baume soignant.<\/p>\n","protected":false},"featured_media":84,"template":"","meta":{"_et_pb_use_builder":"","_et_pb_old_content":"","_et_gb_content_width":""},"product_brand":[],"product_cat":[22],"product_tag":[],"class_list":{"0":"post-184","1":"product","2":"type-product","3":"status-publish","4":"has-post-thumbnail","6":"product_cat-journee-dinitiation","8":"first","9":"instock","10":"shipping-taxable","11":"purchasable","12":"product-type-variable","13":"has-default-attributes"},"yoast_head":"<!-- This site is optimized with the Yoast SEO plugin v27.6 - https:\/\/yoast.com\/product\/yoast-seo-wordpress\/ -->\n<title>Secrets des plantes comestibles et m\u00e9dicinales (28 juin) - Le sens de l&#039;aventure<\/title>\n<meta name=\"description\" content=\"Une journ\u00e9e d\u2019initiation \u00e0 la cueillette sauvage : Partage d\u2019une m\u00e9thode pour apprivoiser les plantes au fur et \u00e0 mesure en connaissances des r\u00e8gles de s\u00e9curit\u00e9. Pr\u00e9paration d\u2019un baume soignant. %\" \/>\n<meta name=\"robots\" content=\"index, follow, max-snippet:-1, max-image-preview:large, max-video-preview:-1\" \/>\n<link rel=\"canonical\" href=\"https:\/\/lesensdelaventure.fr\/ma-preprod\/produit\/secrets-de-plantes\/\" \/>\n<meta property=\"og:locale\" content=\"fr_FR\" \/>\n<meta property=\"og:type\" content=\"article\" \/>\n<meta property=\"og:title\" content=\"Secrets des plantes comestibles et m\u00e9dicinales (28 juin) - Le sens de l&#039;aventure\" \/>\n<meta property=\"og:description\" content=\"Une journ\u00e9e d\u2019initiation \u00e0 la cueillette sauvage : Partage d\u2019une m\u00e9thode pour apprivoiser les plantes au fur et \u00e0 mesure en connaissances des r\u00e8gles de s\u00e9curit\u00e9. Pr\u00e9paration d\u2019un baume soignant. %\" \/>\n<meta property=\"og:url\" content=\"https:\/\/lesensdelaventure.fr\/ma-preprod\/produit\/secrets-de-plantes\/\" \/>\n<meta property=\"og:site_name\" content=\"Le sens de l&#039;aventure\" \/>\n<meta property=\"article:modified_time\" content=\"2026-05-09T15:41:40+00:00\" \/>\n<meta property=\"og:image\" content=\"https:\/\/lesensdelaventure.fr\/ma-preprod\/wp-content\/uploads\/2026\/04\/Oelauszug-klein.jpg\" \/>\n\t<meta property=\"og:image:width\" content=\"600\" \/>\n\t<meta property=\"og:image:height\" content=\"600\" \/>\n\t<meta property=\"og:image:type\" content=\"image\/jpeg\" \/>\n<meta name=\"twitter:card\" content=\"summary_large_image\" \/>\n<meta name=\"twitter:label1\" content=\"Dur\u00e9e de lecture estim\u00e9e\" \/>\n\t<meta name=\"twitter:data1\" content=\"1 minute\" \/>\n<script type=\"application\/ld+json\" class=\"yoast-schema-graph\">{\"@context\":\"https:\\\/\\\/schema.org\",\"@graph\":[{\"@type\":\"WebPage\",\"@id\":\"https:\\\/\\\/lesensdelaventure.fr\\\/ma-preprod\\\/produit\\\/secrets-de-plantes\\\/\",\"url\":\"https:\\\/\\\/lesensdelaventure.fr\\\/ma-preprod\\\/produit\\\/secrets-de-plantes\\\/\",\"name\":\"Secrets des plantes comestibles et m\u00e9dicinales (28 juin) - Le sens de l&#039;aventure\",\"isPartOf\":{\"@id\":\"https:\\\/\\\/lesensdelaventure.fr\\\/#website\"},\"primaryImageOfPage\":{\"@id\":\"https:\\\/\\\/lesensdelaventure.fr\\\/ma-preprod\\\/produit\\\/secrets-de-plantes\\\/#primaryimage\"},\"image\":{\"@id\":\"https:\\\/\\\/lesensdelaventure.fr\\\/ma-preprod\\\/produit\\\/secrets-de-plantes\\\/#primaryimage\"},\"thumbnailUrl\":\"https:\\\/\\\/lesensdelaventure.fr\\\/ma-preprod\\\/wp-content\\\/uploads\\\/2026\\\/04\\\/Oelauszug-klein.jpg\",\"datePublished\":\"2026-05-08T21:42:14+00:00\",\"dateModified\":\"2026-05-09T15:41:40+00:00\",\"description\":\"Une journ\u00e9e d\u2019initiation \u00e0 la cueillette sauvage : Partage d\u2019une m\u00e9thode pour apprivoiser les plantes au fur et \u00e0 mesure en connaissances des r\u00e8gles de s\u00e9curit\u00e9. Pr\u00e9paration d\u2019un baume soignant. %\",\"breadcrumb\":{\"@id\":\"https:\\\/\\\/lesensdelaventure.fr\\\/ma-preprod\\\/produit\\\/secrets-de-plantes\\\/#breadcrumb\"},\"inLanguage\":\"fr-FR\",\"potentialAction\":[{\"@type\":\"ReadAction\",\"target\":[\"https:\\\/\\\/lesensdelaventure.fr\\\/ma-preprod\\\/produit\\\/secrets-de-plantes\\\/\"]}]},{\"@type\":\"ImageObject\",\"inLanguage\":\"fr-FR\",\"@id\":\"https:\\\/\\\/lesensdelaventure.fr\\\/ma-preprod\\\/produit\\\/secrets-de-plantes\\\/#primaryimage\",\"url\":\"https:\\\/\\\/lesensdelaventure.fr\\\/ma-preprod\\\/wp-content\\\/uploads\\\/2026\\\/04\\\/Oelauszug-klein.jpg\",\"contentUrl\":\"https:\\\/\\\/lesensdelaventure.fr\\\/ma-preprod\\\/wp-content\\\/uploads\\\/2026\\\/04\\\/Oelauszug-klein.jpg\",\"width\":600,\"height\":600},{\"@type\":\"BreadcrumbList\",\"@id\":\"https:\\\/\\\/lesensdelaventure.fr\\\/ma-preprod\\\/produit\\\/secrets-de-plantes\\\/#breadcrumb\",\"itemListElement\":[{\"@type\":\"ListItem\",\"position\":1,\"name\":\"Home\",\"item\":\"https:\\\/\\\/lesensdelaventure.fr\\\/ma-preprod\\\/\"},{\"@type\":\"ListItem\",\"position\":2,\"name\":\"R\u00e9server son stage\",\"item\":\"https:\\\/\\\/lesensdelaventure.fr\\\/ma-preprod\\\/reservations\\\/\"},{\"@type\":\"ListItem\",\"position\":3,\"name\":\"Secrets des plantes comestibles et m\u00e9dicinales (28 juin)\"}]},{\"@type\":\"WebSite\",\"@id\":\"https:\\\/\\\/lesensdelaventure.fr\\\/#website\",\"url\":\"https:\\\/\\\/lesensdelaventure.fr\\\/\",\"name\":\"Le sens de l&#039;aventure\",\"description\":\"Explore la nature et connais toi toi-m\u00eame\",\"potentialAction\":[{\"@type\":\"SearchAction\",\"target\":{\"@type\":\"EntryPoint\",\"urlTemplate\":\"https:\\\/\\\/lesensdelaventure.fr\\\/?s={search_term_string}\"},\"query-input\":{\"@type\":\"PropertyValueSpecification\",\"valueRequired\":true,\"valueName\":\"search_term_string\"}}],\"inLanguage\":\"fr-FR\"}]}<\/script>\n<!-- \/ Yoast SEO plugin. -->","yoast_head_json":{"title":"Secrets des plantes comestibles et m\u00e9dicinales (28 juin) - Le sens de l&#039;aventure","description":"Une journ\u00e9e d\u2019initiation \u00e0 la cueillette sauvage : Partage d\u2019une m\u00e9thode pour apprivoiser les plantes au fur et \u00e0 mesure en connaissances des r\u00e8gles de s\u00e9curit\u00e9. Pr\u00e9paration d\u2019un baume soignant. %","robots":{"index":"index","follow":"follow","max-snippet":"max-snippet:-1","max-image-preview":"max-image-preview:large","max-video-preview":"max-video-preview:-1"},"canonical":"https:\/\/lesensdelaventure.fr\/ma-preprod\/produit\/secrets-de-plantes\/","og_locale":"fr_FR","og_type":"article","og_title":"Secrets des plantes comestibles et m\u00e9dicinales (28 juin) - Le sens de l&#039;aventure","og_description":"Une journ\u00e9e d\u2019initiation \u00e0 la cueillette sauvage : Partage d\u2019une m\u00e9thode pour apprivoiser les plantes au fur et \u00e0 mesure en connaissances des r\u00e8gles de s\u00e9curit\u00e9. Pr\u00e9paration d\u2019un baume soignant. %","og_url":"https:\/\/lesensdelaventure.fr\/ma-preprod\/produit\/secrets-de-plantes\/","og_site_name":"Le sens de l&#039;aventure","article_modified_time":"2026-05-09T15:41:40+00:00","og_image":[{"width":600,"height":600,"url":"https:\/\/lesensdelaventure.fr\/ma-preprod\/wp-content\/uploads\/2026\/04\/Oelauszug-klein.jpg","type":"image\/jpeg"}],"twitter_card":"summary_large_image","twitter_misc":{"Dur\u00e9e de lecture estim\u00e9e":"1 minute"},"schema":{"@context":"https:\/\/schema.org","@graph":[{"@type":"WebPage","@id":"https:\/\/lesensdelaventure.fr\/ma-preprod\/produit\/secrets-de-plantes\/","url":"https:\/\/lesensdelaventure.fr\/ma-preprod\/produit\/secrets-de-plantes\/","name":"Secrets des plantes comestibles et m\u00e9dicinales (28 juin) - Le sens de l&#039;aventure","isPartOf":{"@id":"https:\/\/lesensdelaventure.fr\/#website"},"primaryImageOfPage":{"@id":"https:\/\/lesensdelaventure.fr\/ma-preprod\/produit\/secrets-de-plantes\/#primaryimage"},"image":{"@id":"https:\/\/lesensdelaventure.fr\/ma-preprod\/produit\/secrets-de-plantes\/#primaryimage"},"thumbnailUrl":"https:\/\/lesensdelaventure.fr\/ma-preprod\/wp-content\/uploads\/2026\/04\/Oelauszug-klein.jpg","datePublished":"2026-05-08T21:42:14+00:00","dateModified":"2026-05-09T15:41:40+00:00","description":"Une journ\u00e9e d\u2019initiation \u00e0 la cueillette sauvage : Partage d\u2019une m\u00e9thode pour apprivoiser les plantes au fur et \u00e0 mesure en connaissances des r\u00e8gles de s\u00e9curit\u00e9. Pr\u00e9paration d\u2019un baume soignant. %","breadcrumb":{"@id":"https:\/\/lesensdelaventure.fr\/ma-preprod\/produit\/secrets-de-plantes\/#breadcrumb"},"inLanguage":"fr-FR","potentialAction":[{"@type":"ReadAction","target":["https:\/\/lesensdelaventure.fr\/ma-preprod\/produit\/secrets-de-plantes\/"]}]},{"@type":"ImageObject","inLanguage":"fr-FR","@id":"https:\/\/lesensdelaventure.fr\/ma-preprod\/produit\/secrets-de-plantes\/#primaryimage","url":"https:\/\/lesensdelaventure.fr\/ma-preprod\/wp-content\/uploads\/2026\/04\/Oelauszug-klein.jpg","contentUrl":"https:\/\/lesensdelaventure.fr\/ma-preprod\/wp-content\/uploads\/2026\/04\/Oelauszug-klein.jpg","width":600,"height":600},{"@type":"BreadcrumbList","@id":"https:\/\/lesensdelaventure.fr\/ma-preprod\/produit\/secrets-de-plantes\/#breadcrumb","itemListElement":[{"@type":"ListItem","position":1,"name":"Home","item":"https:\/\/lesensdelaventure.fr\/ma-preprod\/"},{"@type":"ListItem","position":2,"name":"R\u00e9server son stage","item":"https:\/\/lesensdelaventure.fr\/ma-preprod\/reservations\/"},{"@type":"ListItem","position":3,"name":"Secrets des plantes comestibles et m\u00e9dicinales (28 juin)"}]},{"@type":"WebSite","@id":"https:\/\/lesensdelaventure.fr\/#website","url":"https:\/\/lesensdelaventure.fr\/","name":"Le sens de l&#039;aventure","description":"Explore la nature et connais toi toi-m\u00eame","potentialAction":[{"@type":"SearchAction","target":{"@type":"EntryPoint","urlTemplate":"https:\/\/lesensdelaventure.fr\/?s={search_term_string}"},"query-input":{"@type":"PropertyValueSpecification","valueRequired":true,"valueName":"search_term_string"}}],"inLanguage":"fr-FR"}]}},"_links":{"self":[{"href":"https:\/\/lesensdelaventure.fr\/ma-preprod\/wp-json\/wp\/v2\/product\/184","targetHints":{"allow":["GET"]}}],"collection":[{"href":"https:\/\/lesensdelaventure.fr\/ma-preprod\/wp-json\/wp\/v2\/product"}],"about":[{"href":"https:\/\/lesensdelaventure.fr\/ma-preprod\/wp-json\/wp\/v2\/types\/product"}],"wp:featuredmedia":[{"embeddable":true,"href":"https:\/\/lesensdelaventure.fr\/ma-preprod\/wp-json\/wp\/v2\/media\/84"}],"wp:attachment":[{"href":"https:\/\/lesensdelaventure.fr\/ma-preprod\/wp-json\/wp\/v2\/media?parent=184"}],"wp:term":[{"taxonomy":"product_brand","embeddable":true,"href":"https:\/\/lesensdelaventure.fr\/ma-preprod\/wp-json\/wp\/v2\/product_brand?post=184"},{"taxonomy":"product_cat","embeddable":true,"href":"https:\/\/lesensdelaventure.fr\/ma-preprod\/wp-json\/wp\/v2\/product_cat?post=184"},{"taxonomy":"product_tag","embeddable":true,"href":"https:\/\/lesensdelaventure.fr\/ma-preprod\/wp-json\/wp\/v2\/product_tag?post=184"}],"curies":[{"name":"wp","href":"https:\/\/api.w.org\/{rel}","templated":true}]}}