{"id":233,"date":"2026-05-09T21:10:46","date_gmt":"2026-05-09T19:10:46","guid":{"rendered":"https:\/\/lesensdelaventure.fr\/ma-preprod\/?post_type=product&#038;p=233"},"modified":"2026-05-09T23:13:27","modified_gmt":"2026-05-09T21:13:27","slug":"week-end-bivouac-initiation-aux-connaissances-ancestrales-17-19-07","status":"publish","type":"product","link":"https:\/\/lesensdelaventure.fr\/ma-preprod\/produit\/week-end-bivouac-initiation-aux-connaissances-ancestrales-17-19-07\/","title":{"rendered":"Week-end bivouac : Initiation aux connaissances ancestrales (17-19\/07)"},"content":{"rendered":"<p><em><strong>Du vendredi 17\/07\/2026 \u00e0 16h au dimanche 19\/07\/2026 \u00e0 14h <\/strong><\/em><\/p>\n<p><em><strong>Lieu : \u00ab La Belle Verte \u00bb, 77820 Le Ch\u00e2telet-en-Brie<\/strong><\/em><\/p>\n<p>Partout dans le monde, les humains savaient prendre soin d\u2019eux en milieu naturel et y trouver leur place, en s\u2019int\u00e9grant dans les rythmes naturels.\u00a0 Ce n\u2019est que depuis peu, \u00e0 l\u2019\u00e9chelle de l\u2019\u00e9volution humaine, que nous avons perdu ce savoir-\u00eatre et ce savoir-faire. Cependant, ces connaissances ancestrales ne sont pas compl\u00e8tement perdues\u2026<\/p>\n<p>Et si nous commencions \u00e0 les red\u00e9couvrir\u00a0? Pour red\u00e9couvrir la nature comme un lieu de ressourcement\u00a0 et de merveilles au quotidien, mais \u00e9galement pour faire l\u2019exp\u00e9rience d\u2019une communaut\u00e9 humaine qui valorise la gratitude, le partage et l\u2019\u00e9coute. Le sens de l\u2019aventure propose un week-end de r\u00e9-initiation aux pratiques ancestrales qui sont toujours autant d\u2019actualit\u00e9\u00a0:<\/p>\n<p><strong>Long week-end d\u2019initiation pratique en atmosph\u00e8re familiale :\u00a0\u00a0\u00a0\u00a0\u00a0\u00a0\u00a0\u00a0\u00a0\u00a0\u00a0\u00a0\u00a0\u00a0\u00a0\u00a0\u00a0\u00a0\u00a0\u00a0\u00a0\u00a0\u00a0\u00a0\u00a0\u00a0\u00a0\u00a0\u00a0\u00a0\u00a0\u00a0\u00a0 <\/strong><\/p>\n<ul>\n<li>D\u00e9veloppement de tous les sens, changer sa perception<\/li>\n<li>Techniques pour se fondre dans la nature, devenir \u00ab\u00a0invisible\u00a0\u00bb<\/li>\n<li>Techniques pour ne pas se perdre en nature<\/li>\n<li>Premiers r\u00e9flexes en situation de survie et cr\u00e9ation d\u2019un abri de secours<\/li>\n<li>Cr\u00e9ation d\u2019une cuill\u00e8re en bois et de cordage en mati\u00e8res naturelles<\/li>\n<li>Faire du feu et connaitre les mesures de s\u00e9curit\u00e9<\/li>\n<li>Histoires autour du feu<\/li>\n<li>Rituels de gratitude et d\u2019\u00e9coute active<\/li>\n<\/ul>\n<p><strong>Repartez de l\u2019atelier avec\u00a0:<\/strong><\/p>\n<ul>\n<li>Des souvenirs forts et pleins d\u2019\u00e9motions d\u2019un week-end pass\u00e9 dehors en groupe<\/li>\n<li>Des comp\u00e9tences pratiques et faciles \u00e0 mettre en \u0153uvre dans le quotidien<\/li>\n<li>Un cordage et une cuill\u00e8re faits par vos soins<\/li>\n<li>Des nouveaux rituels et pratiques \u00e0 essayer en famille, avec des amis ou coll\u00e8gues<\/li>\n<\/ul>\n<p><strong>H\u00e9bergement et restauration : <\/strong>1 week-end 100 % dehors\u00a0!<\/p>\n<p><u>H\u00e9bergement en mode bivouac<\/u> sur le lieu de campement avec du mat\u00e9riel personnel : apportez votre tente, tarp ou sac de bivouac, c\u2019est aussi l\u2019occasion de s\u2019y (re-) mettre. Si vous n\u2019avez pas de mat\u00e9riel, parlons-en pour trouver des solutions. Toilettes s\u00e8ches, mais pas de douche.<\/p>\n<p><u>Des repas v\u00e9g\u00e9tariens et de saison sont pr\u00e9par\u00e9s ensemble<\/u> et cuisin\u00e9s sur le feu. Apportez votre vaisselle de camping (assiette, gobelet, couvert). Merci d\u2019indiquer vos \u00e9ventuels besoins sp\u00e9cifiques (intol\u00e9rances, v\u00e9gan, etc.) lors de la r\u00e9servation.<\/p>\n","protected":false},"excerpt":{"rendered":"<p>Savoir prendre soin de soi en milieu naturel et y trouver sa place en s\u2019int\u00e9grant dans les rythmes naturels.<\/p>\n","protected":false},"featured_media":72,"template":"","meta":{"_et_pb_use_builder":"","_et_pb_old_content":"","_et_gb_content_width":""},"product_brand":[],"product_cat":[23],"product_tag":[],"class_list":{"0":"post-233","1":"product","2":"type-product","3":"status-publish","4":"has-post-thumbnail","6":"product_cat-week-end-bivouac","8":"first","9":"instock","10":"shipping-taxable","11":"purchasable","12":"product-type-variable","13":"has-default-attributes"},"yoast_head":"<!-- This site is optimized with the Yoast SEO plugin v27.6 - https:\/\/yoast.com\/product\/yoast-seo-wordpress\/ -->\n<title>Week-end bivouac : Initiation aux connaissances ancestrales (17-19\/07) - Le sens de l&#039;aventure<\/title>\n<meta name=\"description\" content=\"Savoir prendre soin de soi en milieu naturel et y trouver sa place en s\u2019int\u00e9grant dans les rythmes naturels.\" \/>\n<meta name=\"robots\" content=\"index, follow, max-snippet:-1, max-image-preview:large, max-video-preview:-1\" \/>\n<link rel=\"canonical\" href=\"https:\/\/lesensdelaventure.fr\/ma-preprod\/produit\/week-end-bivouac-initiation-aux-connaissances-ancestrales-17-19-07\/\" \/>\n<meta property=\"og:locale\" content=\"fr_FR\" \/>\n<meta property=\"og:type\" content=\"article\" \/>\n<meta property=\"og:title\" content=\"Week-end bivouac : Initiation aux connaissances ancestrales (17-19\/07) - Le sens de l&#039;aventure\" \/>\n<meta property=\"og:description\" content=\"Savoir prendre soin de soi en milieu naturel et y trouver sa place en s\u2019int\u00e9grant dans les rythmes naturels.\" \/>\n<meta property=\"og:url\" content=\"https:\/\/lesensdelaventure.fr\/ma-preprod\/produit\/week-end-bivouac-initiation-aux-connaissances-ancestrales-17-19-07\/\" \/>\n<meta property=\"og:site_name\" content=\"Le sens de l&#039;aventure\" \/>\n<meta property=\"article:modified_time\" content=\"2026-05-09T21:13:27+00:00\" \/>\n<meta property=\"og:image\" content=\"https:\/\/lesensdelaventure.fr\/ma-preprod\/wp-content\/uploads\/2026\/03\/Feuer-Schule-unterwegs.webp\" \/>\n\t<meta property=\"og:image:width\" content=\"899\" \/>\n\t<meta property=\"og:image:height\" content=\"900\" \/>\n\t<meta property=\"og:image:type\" content=\"image\/webp\" \/>\n<meta name=\"twitter:card\" content=\"summary_large_image\" \/>\n<meta name=\"twitter:label1\" content=\"Dur\u00e9e de lecture estim\u00e9e\" \/>\n\t<meta name=\"twitter:data1\" content=\"2 minutes\" \/>\n<script type=\"application\/ld+json\" class=\"yoast-schema-graph\">{\"@context\":\"https:\\\/\\\/schema.org\",\"@graph\":[{\"@type\":\"WebPage\",\"@id\":\"https:\\\/\\\/lesensdelaventure.fr\\\/ma-preprod\\\/produit\\\/week-end-bivouac-initiation-aux-connaissances-ancestrales-17-19-07\\\/\",\"url\":\"https:\\\/\\\/lesensdelaventure.fr\\\/ma-preprod\\\/produit\\\/week-end-bivouac-initiation-aux-connaissances-ancestrales-17-19-07\\\/\",\"name\":\"Week-end bivouac : Initiation aux connaissances ancestrales (17-19\\\/07) - Le sens de l&#039;aventure\",\"isPartOf\":{\"@id\":\"https:\\\/\\\/lesensdelaventure.fr\\\/#website\"},\"primaryImageOfPage\":{\"@id\":\"https:\\\/\\\/lesensdelaventure.fr\\\/ma-preprod\\\/produit\\\/week-end-bivouac-initiation-aux-connaissances-ancestrales-17-19-07\\\/#primaryimage\"},\"image\":{\"@id\":\"https:\\\/\\\/lesensdelaventure.fr\\\/ma-preprod\\\/produit\\\/week-end-bivouac-initiation-aux-connaissances-ancestrales-17-19-07\\\/#primaryimage\"},\"thumbnailUrl\":\"https:\\\/\\\/lesensdelaventure.fr\\\/ma-preprod\\\/wp-content\\\/uploads\\\/2026\\\/03\\\/Feuer-Schule-unterwegs.webp\",\"datePublished\":\"2026-05-09T19:10:46+00:00\",\"dateModified\":\"2026-05-09T21:13:27+00:00\",\"description\":\"Savoir prendre soin de soi en milieu naturel et y trouver sa place en s\u2019int\u00e9grant dans les rythmes naturels.\",\"breadcrumb\":{\"@id\":\"https:\\\/\\\/lesensdelaventure.fr\\\/ma-preprod\\\/produit\\\/week-end-bivouac-initiation-aux-connaissances-ancestrales-17-19-07\\\/#breadcrumb\"},\"inLanguage\":\"fr-FR\",\"potentialAction\":[{\"@type\":\"ReadAction\",\"target\":[\"https:\\\/\\\/lesensdelaventure.fr\\\/ma-preprod\\\/produit\\\/week-end-bivouac-initiation-aux-connaissances-ancestrales-17-19-07\\\/\"]}]},{\"@type\":\"ImageObject\",\"inLanguage\":\"fr-FR\",\"@id\":\"https:\\\/\\\/lesensdelaventure.fr\\\/ma-preprod\\\/produit\\\/week-end-bivouac-initiation-aux-connaissances-ancestrales-17-19-07\\\/#primaryimage\",\"url\":\"https:\\\/\\\/lesensdelaventure.fr\\\/ma-preprod\\\/wp-content\\\/uploads\\\/2026\\\/03\\\/Feuer-Schule-unterwegs.webp\",\"contentUrl\":\"https:\\\/\\\/lesensdelaventure.fr\\\/ma-preprod\\\/wp-content\\\/uploads\\\/2026\\\/03\\\/Feuer-Schule-unterwegs.webp\",\"width\":899,\"height\":900},{\"@type\":\"BreadcrumbList\",\"@id\":\"https:\\\/\\\/lesensdelaventure.fr\\\/ma-preprod\\\/produit\\\/week-end-bivouac-initiation-aux-connaissances-ancestrales-17-19-07\\\/#breadcrumb\",\"itemListElement\":[{\"@type\":\"ListItem\",\"position\":1,\"name\":\"Home\",\"item\":\"https:\\\/\\\/lesensdelaventure.fr\\\/ma-preprod\\\/\"},{\"@type\":\"ListItem\",\"position\":2,\"name\":\"R\u00e9server son stage\",\"item\":\"https:\\\/\\\/lesensdelaventure.fr\\\/ma-preprod\\\/reservations\\\/\"},{\"@type\":\"ListItem\",\"position\":3,\"name\":\"Week-end bivouac : Initiation aux connaissances ancestrales (17-19\\\/07)\"}]},{\"@type\":\"WebSite\",\"@id\":\"https:\\\/\\\/lesensdelaventure.fr\\\/#website\",\"url\":\"https:\\\/\\\/lesensdelaventure.fr\\\/\",\"name\":\"Le sens de l&#039;aventure\",\"description\":\"Explore la nature et connais toi toi-m\u00eame\",\"potentialAction\":[{\"@type\":\"SearchAction\",\"target\":{\"@type\":\"EntryPoint\",\"urlTemplate\":\"https:\\\/\\\/lesensdelaventure.fr\\\/?s={search_term_string}\"},\"query-input\":{\"@type\":\"PropertyValueSpecification\",\"valueRequired\":true,\"valueName\":\"search_term_string\"}}],\"inLanguage\":\"fr-FR\"}]}<\/script>\n<!-- \/ Yoast SEO plugin. -->","yoast_head_json":{"title":"Week-end bivouac : Initiation aux connaissances ancestrales (17-19\/07) - Le sens de l&#039;aventure","description":"Savoir prendre soin de soi en milieu naturel et y trouver sa place en s\u2019int\u00e9grant dans les rythmes naturels.","robots":{"index":"index","follow":"follow","max-snippet":"max-snippet:-1","max-image-preview":"max-image-preview:large","max-video-preview":"max-video-preview:-1"},"canonical":"https:\/\/lesensdelaventure.fr\/ma-preprod\/produit\/week-end-bivouac-initiation-aux-connaissances-ancestrales-17-19-07\/","og_locale":"fr_FR","og_type":"article","og_title":"Week-end bivouac : Initiation aux connaissances ancestrales (17-19\/07) - Le sens de l&#039;aventure","og_description":"Savoir prendre soin de soi en milieu naturel et y trouver sa place en s\u2019int\u00e9grant dans les rythmes naturels.","og_url":"https:\/\/lesensdelaventure.fr\/ma-preprod\/produit\/week-end-bivouac-initiation-aux-connaissances-ancestrales-17-19-07\/","og_site_name":"Le sens de l&#039;aventure","article_modified_time":"2026-05-09T21:13:27+00:00","og_image":[{"width":899,"height":900,"url":"https:\/\/lesensdelaventure.fr\/ma-preprod\/wp-content\/uploads\/2026\/03\/Feuer-Schule-unterwegs.webp","type":"image\/webp"}],"twitter_card":"summary_large_image","twitter_misc":{"Dur\u00e9e de lecture estim\u00e9e":"2 minutes"},"schema":{"@context":"https:\/\/schema.org","@graph":[{"@type":"WebPage","@id":"https:\/\/lesensdelaventure.fr\/ma-preprod\/produit\/week-end-bivouac-initiation-aux-connaissances-ancestrales-17-19-07\/","url":"https:\/\/lesensdelaventure.fr\/ma-preprod\/produit\/week-end-bivouac-initiation-aux-connaissances-ancestrales-17-19-07\/","name":"Week-end bivouac : Initiation aux connaissances ancestrales (17-19\/07) - Le sens de l&#039;aventure","isPartOf":{"@id":"https:\/\/lesensdelaventure.fr\/#website"},"primaryImageOfPage":{"@id":"https:\/\/lesensdelaventure.fr\/ma-preprod\/produit\/week-end-bivouac-initiation-aux-connaissances-ancestrales-17-19-07\/#primaryimage"},"image":{"@id":"https:\/\/lesensdelaventure.fr\/ma-preprod\/produit\/week-end-bivouac-initiation-aux-connaissances-ancestrales-17-19-07\/#primaryimage"},"thumbnailUrl":"https:\/\/lesensdelaventure.fr\/ma-preprod\/wp-content\/uploads\/2026\/03\/Feuer-Schule-unterwegs.webp","datePublished":"2026-05-09T19:10:46+00:00","dateModified":"2026-05-09T21:13:27+00:00","description":"Savoir prendre soin de soi en milieu naturel et y trouver sa place en s\u2019int\u00e9grant dans les rythmes naturels.","breadcrumb":{"@id":"https:\/\/lesensdelaventure.fr\/ma-preprod\/produit\/week-end-bivouac-initiation-aux-connaissances-ancestrales-17-19-07\/#breadcrumb"},"inLanguage":"fr-FR","potentialAction":[{"@type":"ReadAction","target":["https:\/\/lesensdelaventure.fr\/ma-preprod\/produit\/week-end-bivouac-initiation-aux-connaissances-ancestrales-17-19-07\/"]}]},{"@type":"ImageObject","inLanguage":"fr-FR","@id":"https:\/\/lesensdelaventure.fr\/ma-preprod\/produit\/week-end-bivouac-initiation-aux-connaissances-ancestrales-17-19-07\/#primaryimage","url":"https:\/\/lesensdelaventure.fr\/ma-preprod\/wp-content\/uploads\/2026\/03\/Feuer-Schule-unterwegs.webp","contentUrl":"https:\/\/lesensdelaventure.fr\/ma-preprod\/wp-content\/uploads\/2026\/03\/Feuer-Schule-unterwegs.webp","width":899,"height":900},{"@type":"BreadcrumbList","@id":"https:\/\/lesensdelaventure.fr\/ma-preprod\/produit\/week-end-bivouac-initiation-aux-connaissances-ancestrales-17-19-07\/#breadcrumb","itemListElement":[{"@type":"ListItem","position":1,"name":"Home","item":"https:\/\/lesensdelaventure.fr\/ma-preprod\/"},{"@type":"ListItem","position":2,"name":"R\u00e9server son stage","item":"https:\/\/lesensdelaventure.fr\/ma-preprod\/reservations\/"},{"@type":"ListItem","position":3,"name":"Week-end bivouac : Initiation aux connaissances ancestrales (17-19\/07)"}]},{"@type":"WebSite","@id":"https:\/\/lesensdelaventure.fr\/#website","url":"https:\/\/lesensdelaventure.fr\/","name":"Le sens de l&#039;aventure","description":"Explore la nature et connais toi toi-m\u00eame","potentialAction":[{"@type":"SearchAction","target":{"@type":"EntryPoint","urlTemplate":"https:\/\/lesensdelaventure.fr\/?s={search_term_string}"},"query-input":{"@type":"PropertyValueSpecification","valueRequired":true,"valueName":"search_term_string"}}],"inLanguage":"fr-FR"}]}},"_links":{"self":[{"href":"https:\/\/lesensdelaventure.fr\/ma-preprod\/wp-json\/wp\/v2\/product\/233","targetHints":{"allow":["GET"]}}],"collection":[{"href":"https:\/\/lesensdelaventure.fr\/ma-preprod\/wp-json\/wp\/v2\/product"}],"about":[{"href":"https:\/\/lesensdelaventure.fr\/ma-preprod\/wp-json\/wp\/v2\/types\/product"}],"wp:featuredmedia":[{"embeddable":true,"href":"https:\/\/lesensdelaventure.fr\/ma-preprod\/wp-json\/wp\/v2\/media\/72"}],"wp:attachment":[{"href":"https:\/\/lesensdelaventure.fr\/ma-preprod\/wp-json\/wp\/v2\/media?parent=233"}],"wp:term":[{"taxonomy":"product_brand","embeddable":true,"href":"https:\/\/lesensdelaventure.fr\/ma-preprod\/wp-json\/wp\/v2\/product_brand?post=233"},{"taxonomy":"product_cat","embeddable":true,"href":"https:\/\/lesensdelaventure.fr\/ma-preprod\/wp-json\/wp\/v2\/product_cat?post=233"},{"taxonomy":"product_tag","embeddable":true,"href":"https:\/\/lesensdelaventure.fr\/ma-preprod\/wp-json\/wp\/v2\/product_tag?post=233"}],"curies":[{"name":"wp","href":"https:\/\/api.w.org\/{rel}","templated":true}]}}